{"id":102,"date":"2020-05-07T18:50:19","date_gmt":"2020-05-07T21:50:19","guid":{"rendered":"http:\/\/wlivre.com.br\/loja\/?post_type=product&#038;p=102"},"modified":"2023-05-10T15:09:52","modified_gmt":"2023-05-10T18:09:52","slug":"headset-gamer-multilaser-2","status":"publish","type":"product","link":"https:\/\/wlivre.com.br\/loja\/produto\/headset-gamer-multilaser-2\/","title":{"rendered":"Headset Gamer Multilaser"},"content":{"rendered":"<p>INFORMA\u00c7\u00d5ES T\u00c9CNICAS<br \/>\n. Fone com microfone<br \/>\n. Design Gamer<br \/>\n. Controle de volume<br \/>\n. Haste ajust\u00e1vel<br \/>\n. Earpad macio<br \/>\n. Conex\u00e3o: P2 3.5 mm<br \/>\n. Falante: \u00f8 40 mm<br \/>\n. Imped\u00e2ncia: 32 \u03a9 \u00b115%<br \/>\n. Frequ\u00eancia de resposta:<br \/>\n20 Hz &#8211; 20000 Hz<br \/>\n. Pot\u00eancia medida: 25 mW<br \/>\n. Pot\u00eancia m\u00e1xima de entrada: 50 mW<br \/>\n. Directividade: Cancelamento de ru\u00eddo<br \/>\n. Sensitividade: -55 db \u00b1 2 db<\/p>\n","protected":false},"excerpt":{"rendered":"<p>Headset Gamer P2 Preto\/Vermelho Multilaser &#8211; PH073<\/p>\n","protected":false},"featured_media":103,"comment_status":"open","ping_status":"closed","template":"","meta":[],"product_cat":[30,32],"product_tag":[],"_links":{"self":[{"href":"https:\/\/wlivre.com.br\/loja\/wp-json\/wp\/v2\/product\/102"}],"collection":[{"href":"https:\/\/wlivre.com.br\/loja\/wp-json\/wp\/v2\/product"}],"about":[{"href":"https:\/\/wlivre.com.br\/loja\/wp-json\/wp\/v2\/types\/product"}],"replies":[{"embeddable":true,"href":"https:\/\/wlivre.com.br\/loja\/wp-json\/wp\/v2\/comments?post=102"}],"wp:featuredmedia":[{"embeddable":true,"href":"https:\/\/wlivre.com.br\/loja\/wp-json\/wp\/v2\/media\/103"}],"wp:attachment":[{"href":"https:\/\/wlivre.com.br\/loja\/wp-json\/wp\/v2\/media?parent=102"}],"wp:term":[{"taxonomy":"product_cat","embeddable":true,"href":"https:\/\/wlivre.com.br\/loja\/wp-json\/wp\/v2\/product_cat?post=102"},{"taxonomy":"product_tag","embeddable":true,"href":"https:\/\/wlivre.com.br\/loja\/wp-json\/wp\/v2\/product_tag?post=102"}],"curies":[{"name":"wp","href":"https:\/\/api.w.org\/{rel}","templated":true}]}}