{"id":209,"date":"2020-05-20T09:15:58","date_gmt":"2020-05-20T12:15:58","guid":{"rendered":"http:\/\/wlivre.com.br\/loja\/?post_type=product&#038;p=209"},"modified":"2023-05-10T15:09:39","modified_gmt":"2023-05-10T18:09:39","slug":"headset-gamer-multilaser-3","status":"publish","type":"product","link":"https:\/\/wlivre.com.br\/loja\/produto\/headset-gamer-multilaser-3\/","title":{"rendered":"Headset Gamer Multilaser PH123"},"content":{"rendered":"<p>Pot\u00eancia: 30mW<\/p>\n<p>Conector Auxiliar P2: 3.5mm<\/p>\n<p>Comprimento do cabo: 1,6 Metros<\/p>\n<p>Frequ\u00eancia de resposta: 20 Hz &#8211; 20.000 Hz<\/p>\n<p>Sensibilidade: 105dB +- 3dB<\/p>\n<p>Imped\u00e2ncia: 32 ohm +- 10%<\/p>\n<p>Composi\u00e7\u00e3o do material: Nylon<\/p>\n<p>Cor: Verde e preto<\/p>\n<p>Marca: Multilaser<\/p>\n<p>Conte\u00fado da embalagem: 1 Fone de ouvido<\/p>\n<p>Dimens\u00f5es aproximadas da embalagem: 20 x 10 x 20 cm<\/p>\n<p>Peso aproximado da embalagem: 0,4 Kg<\/p>\n<p>Informa\u00e7\u00f5es Adicionais: Com controle de volume e haste ajust\u00e1vel<\/p>\n","protected":false},"excerpt":{"rendered":"<p>Pot\u00eancia: 30mW Conector Auxiliar P2: 3.5mm Comprimento do cabo: 1,6 Metros Frequ\u00eancia de resposta: 20 Hz &#8211; 20.000 Hz Sensibilidade: 105dB +- 3dB Imped\u00e2ncia: 32 ohm +- 10% Composi\u00e7\u00e3o do material: Nylon Cor: Verde e preto Marca: Multilaser Conte\u00fado da embalagem: 1 Fone de ouvido Dimens\u00f5es aproximadas da embalagem: 20 x 10 x 20 cm &hellip;<\/p>\n<p class=\"read-more\"> <a class=\" thunk-readmore button \" href=\"https:\/\/wlivre.com.br\/loja\/produto\/headset-gamer-multilaser-3\/\"> <span class=\"screen-reader-text\">Headset Gamer Multilaser PH123<\/span>Read More<\/a><\/p>\n","protected":false},"featured_media":211,"comment_status":"closed","ping_status":"closed","template":"","meta":[],"product_cat":[30,32],"product_tag":[],"_links":{"self":[{"href":"https:\/\/wlivre.com.br\/loja\/wp-json\/wp\/v2\/product\/209"}],"collection":[{"href":"https:\/\/wlivre.com.br\/loja\/wp-json\/wp\/v2\/product"}],"about":[{"href":"https:\/\/wlivre.com.br\/loja\/wp-json\/wp\/v2\/types\/product"}],"replies":[{"embeddable":true,"href":"https:\/\/wlivre.com.br\/loja\/wp-json\/wp\/v2\/comments?post=209"}],"wp:featuredmedia":[{"embeddable":true,"href":"https:\/\/wlivre.com.br\/loja\/wp-json\/wp\/v2\/media\/211"}],"wp:attachment":[{"href":"https:\/\/wlivre.com.br\/loja\/wp-json\/wp\/v2\/media?parent=209"}],"wp:term":[{"taxonomy":"product_cat","embeddable":true,"href":"https:\/\/wlivre.com.br\/loja\/wp-json\/wp\/v2\/product_cat?post=209"},{"taxonomy":"product_tag","embeddable":true,"href":"https:\/\/wlivre.com.br\/loja\/wp-json\/wp\/v2\/product_tag?post=209"}],"curies":[{"name":"wp","href":"https:\/\/api.w.org\/{rel}","templated":true}]}}