{"id":224,"date":"2020-05-22T10:27:17","date_gmt":"2020-05-22T13:27:17","guid":{"rendered":"http:\/\/wlivre.com.br\/loja\/?post_type=product&#038;p=224"},"modified":"2023-03-20T15:31:34","modified_gmt":"2023-03-20T18:31:34","slug":"mini-mouse-multilaser-usb-retratil-preto","status":"publish","type":"product","link":"https:\/\/wlivre.com.br\/loja\/produto\/mini-mouse-multilaser-usb-retratil-preto\/","title":{"rendered":"Mini Mouse Multilaser Usb Retr\u00e1til Preto"},"content":{"rendered":"<p>Sensor: \u00d3ptico<br \/>\nDPI:1200dpi<br \/>\nTipo Mouse: Com fio retr\u00e1til<br \/>\nN\u00famero de bot\u00f5es: 2<br \/>\nConex\u00e3o: USB<br \/>\nCor: Preto<br \/>\nMarca: Multilaser<br \/>\nConte\u00fado da embalagem: Mouse \u00f3ptico<br \/>\nDimens\u00f5es aproximadas da embalagem : 19 x 4 x 10 cm<br \/>\nPeso aproximado da embalagem: 0,7 Kg<br \/>\nGarantia do fornecedor: 3 anos<br \/>\nInforma\u00e7\u00f5es Adicionais: Com Scroll<\/p>\n","protected":false},"excerpt":{"rendered":"<p>Sensor: \u00d3ptico DPI:1200dpi Tipo Mouse: Com fio retr\u00e1til N\u00famero de bot\u00f5es: 2 Conex\u00e3o: USB Cor: Preto Marca: Multilaser Conte\u00fado da embalagem: Mouse \u00f3ptico Dimens\u00f5es aproximadas da embalagem : 19 x 4 x 10 cm Peso aproximado da embalagem: 0,7 Kg Garantia do fornecedor: 3 anos Informa\u00e7\u00f5es Adicionais: Com Scroll<\/p>\n","protected":false},"featured_media":285,"comment_status":"closed","ping_status":"closed","template":"","meta":[],"product_cat":[29],"product_tag":[],"_links":{"self":[{"href":"https:\/\/wlivre.com.br\/loja\/wp-json\/wp\/v2\/product\/224"}],"collection":[{"href":"https:\/\/wlivre.com.br\/loja\/wp-json\/wp\/v2\/product"}],"about":[{"href":"https:\/\/wlivre.com.br\/loja\/wp-json\/wp\/v2\/types\/product"}],"replies":[{"embeddable":true,"href":"https:\/\/wlivre.com.br\/loja\/wp-json\/wp\/v2\/comments?post=224"}],"wp:featuredmedia":[{"embeddable":true,"href":"https:\/\/wlivre.com.br\/loja\/wp-json\/wp\/v2\/media\/285"}],"wp:attachment":[{"href":"https:\/\/wlivre.com.br\/loja\/wp-json\/wp\/v2\/media?parent=224"}],"wp:term":[{"taxonomy":"product_cat","embeddable":true,"href":"https:\/\/wlivre.com.br\/loja\/wp-json\/wp\/v2\/product_cat?post=224"},{"taxonomy":"product_tag","embeddable":true,"href":"https:\/\/wlivre.com.br\/loja\/wp-json\/wp\/v2\/product_tag?post=224"}],"curies":[{"name":"wp","href":"https:\/\/api.w.org\/{rel}","templated":true}]}}