{"id":228,"date":"2020-05-22T10:45:20","date_gmt":"2020-05-22T13:45:20","guid":{"rendered":"http:\/\/wlivre.com.br\/loja\/?post_type=product&#038;p=228"},"modified":"2023-05-10T15:10:19","modified_gmt":"2023-05-10T18:10:19","slug":"mouse-multilaser-emborrachado-com-fio-usb-mo225","status":"publish","type":"product","link":"https:\/\/wlivre.com.br\/loja\/produto\/mouse-multilaser-emborrachado-com-fio-usb-mo225\/","title":{"rendered":"Mouse Multilaser Emborrachado Com Fio Usb"},"content":{"rendered":"<p>Tipo de mouse: Com fio<br \/>\nDPI: 1200 dpi<br \/>\nSensor: \u00d3ptico<br \/>\nN\u00famero de bot\u00f5es: 3<br \/>\nConex\u00e3o: USB<br \/>\nCor: Cinza<br \/>\nMarca: Multilaser<br \/>\nConte\u00fado da embalagem: Mouse<br \/>\nDimens\u00f5es aproximadas da embalagem : 18 x 7 x 12 cm<br \/>\nPeso aproximado da embalagem: 0,6 Kg<br \/>\nGarantia do fornecedor: 3 anos<br \/>\nInforma\u00e7\u00f5es Adicionais: Plug &amp; Play<\/p>\n","protected":false},"excerpt":{"rendered":"<p>Tipo de mouse: Com fio DPI: 1200 dpi Sensor: \u00d3ptico N\u00famero de bot\u00f5es: 3 Conex\u00e3o: USB Cor: Cinza Marca: Multilaser Conte\u00fado da embalagem: Mouse Dimens\u00f5es aproximadas da embalagem : 18 x 7 x 12 cm Peso aproximado da embalagem: 0,6 Kg Garantia do fornecedor: 3 anos Informa\u00e7\u00f5es Adicionais: Plug &amp; Play<\/p>\n","protected":false},"featured_media":229,"comment_status":"closed","ping_status":"closed","template":"","meta":[],"product_cat":[29],"product_tag":[],"_links":{"self":[{"href":"https:\/\/wlivre.com.br\/loja\/wp-json\/wp\/v2\/product\/228"}],"collection":[{"href":"https:\/\/wlivre.com.br\/loja\/wp-json\/wp\/v2\/product"}],"about":[{"href":"https:\/\/wlivre.com.br\/loja\/wp-json\/wp\/v2\/types\/product"}],"replies":[{"embeddable":true,"href":"https:\/\/wlivre.com.br\/loja\/wp-json\/wp\/v2\/comments?post=228"}],"wp:featuredmedia":[{"embeddable":true,"href":"https:\/\/wlivre.com.br\/loja\/wp-json\/wp\/v2\/media\/229"}],"wp:attachment":[{"href":"https:\/\/wlivre.com.br\/loja\/wp-json\/wp\/v2\/media?parent=228"}],"wp:term":[{"taxonomy":"product_cat","embeddable":true,"href":"https:\/\/wlivre.com.br\/loja\/wp-json\/wp\/v2\/product_cat?post=228"},{"taxonomy":"product_tag","embeddable":true,"href":"https:\/\/wlivre.com.br\/loja\/wp-json\/wp\/v2\/product_tag?post=228"}],"curies":[{"name":"wp","href":"https:\/\/api.w.org\/{rel}","templated":true}]}}