{"id":234,"date":"2020-05-22T11:12:50","date_gmt":"2020-05-22T14:12:50","guid":{"rendered":"http:\/\/wlivre.com.br\/loja\/?post_type=product&#038;p=234"},"modified":"2021-03-29T09:57:36","modified_gmt":"2021-03-29T12:57:36","slug":"mouse-multilaser-sem-fio-2-4ghz-usb-mo216","status":"publish","type":"product","link":"https:\/\/wlivre.com.br\/loja\/produto\/mouse-multilaser-sem-fio-2-4ghz-usb-mo216\/","title":{"rendered":"Mouse Multilaser Sem Fio 2.4Ghz  Usb Cores"},"content":{"rendered":"<p>.Tecnologia 2.4Ghz<\/p>\n<p>.1200 dpi<\/p>\n<p>.Plug e Play<\/p>\n<p>.Design Anat\u00f4mico<\/p>\n<p>.Alcance: 10 metros<\/p>\n<p>.Alimenta\u00e7\u00e3o: 2 pilhas AAA (n\u00e3o inclusas).<\/p>\n<p>*Imagens Meramente Ilustrativas*<\/p>\n","protected":false},"excerpt":{"rendered":"<p>CORES DISPON\u00cdVEIS :<\/p>\n<p>GRAFITE E PRETO<\/p>\n<p>PRETO<\/p>\n<p>PRETO E ROSA<\/p>\n<p>PRETO E AZUL<\/p>\n<p>PRETO E BRANCO<\/p>\n","protected":false},"featured_media":322,"comment_status":"closed","ping_status":"closed","template":"","meta":[],"product_cat":[29],"product_tag":[],"_links":{"self":[{"href":"https:\/\/wlivre.com.br\/loja\/wp-json\/wp\/v2\/product\/234"}],"collection":[{"href":"https:\/\/wlivre.com.br\/loja\/wp-json\/wp\/v2\/product"}],"about":[{"href":"https:\/\/wlivre.com.br\/loja\/wp-json\/wp\/v2\/types\/product"}],"replies":[{"embeddable":true,"href":"https:\/\/wlivre.com.br\/loja\/wp-json\/wp\/v2\/comments?post=234"}],"wp:featuredmedia":[{"embeddable":true,"href":"https:\/\/wlivre.com.br\/loja\/wp-json\/wp\/v2\/media\/322"}],"wp:attachment":[{"href":"https:\/\/wlivre.com.br\/loja\/wp-json\/wp\/v2\/media?parent=234"}],"wp:term":[{"taxonomy":"product_cat","embeddable":true,"href":"https:\/\/wlivre.com.br\/loja\/wp-json\/wp\/v2\/product_cat?post=234"},{"taxonomy":"product_tag","embeddable":true,"href":"https:\/\/wlivre.com.br\/loja\/wp-json\/wp\/v2\/product_tag?post=234"}],"curies":[{"name":"wp","href":"https:\/\/api.w.org\/{rel}","templated":true}]}}