{"id":268,"date":"2020-05-27T13:17:01","date_gmt":"2020-05-27T16:17:01","guid":{"rendered":"http:\/\/wlivre.com.br\/loja\/?post_type=product&#038;p=268"},"modified":"2021-10-01T10:50:33","modified_gmt":"2021-10-01T13:50:33","slug":"monitor-led-185-aoc","status":"publish","type":"product","link":"https:\/\/wlivre.com.br\/loja\/produto\/monitor-led-185-aoc\/","title":{"rendered":"MONITOR LED 18,5&#8243; AOC"},"content":{"rendered":"<p>Modelo: E970SWNL<br \/>\nTamanho do painel: 18,5 Widescreen (painel LED)<br \/>\nTamanho da imagem vis\u00edvel (diagonal): 47,0 cm<br \/>\nPixel pitch::0,3 mm<br \/>\nBrilho: 200 cd\/m2<br \/>\nRela\u00e7\u00e3o de contraste (din\u00e2mico): 20.000.000:1<br \/>\nTempo de resposta::5 ms<br \/>\n\u00c2ngulo de vis\u00e3o horizontal: 90o<br \/>\n\u00c2ngulo de vis\u00e3o vertical: 50o<br \/>\nFrequ\u00eancia de varredura horizontal: 30 KHz ~ 60 KHz<br \/>\nFrequ\u00eancia de varredura vertical: 50 ~ 75 Hz<br \/>\nLargura de banda: 85 MHz<br \/>\nCompatibilidade: Windows, MAC, Linux<br \/>\nResolu\u00e7\u00e3o m\u00e1xima::1366 x 768 @ 60 Hz (HD)<br \/>\nSuporte de cores:Maior que16 Milh\u00f5es<\/p>\n<p>Conectores:<br \/>\n01 -VGA (Anal\u00f3gico RGB)<\/p>\n<p>DCB (Amplifica\u00e7\u00e3o Din\u00e2mica de Cores)::Sim<br \/>\nDCR (Rela\u00e7\u00e3o de Contraste Din\u00e2mico): Sim<br \/>\nConsumo:Ligado &lt; 15 Watts (t\u00edpico), Stand By &lt; 0,5 Watt<br \/>\nFonte: Interna &#8211; 100~240V &#8211; 50\/60 Hz<br \/>\nPlug &amp; Play: DDC2B\/CI<br \/>\nEnergy Star: Sim (EPA)<br \/>\nControles manuais::Power<br \/>\nFun\u00e7\u00e3o OSD (On Screen Display):<br \/>\nOSD com interface gr\u00e1fica amig\u00e1vel, controlado pelo programa i-Menu (download no site AOC ou CD)<\/p>\n<p>Peso bruto: 2,37Kg<br \/>\nDimens\u00e3o: 10cm x 33cm x 49cm (Altura x Largura x Comprimento)<\/p>\n","protected":false},"excerpt":{"rendered":"<h2 class=\"product-description\" data-v-3d46291c=\"\">E970SWNL 18,5 1366 X 768 HD WIDESCREEN VGA<\/h2>\n","protected":false},"featured_media":270,"comment_status":"closed","ping_status":"closed","template":"","meta":[],"product_cat":[39],"product_tag":[],"_links":{"self":[{"href":"https:\/\/wlivre.com.br\/loja\/wp-json\/wp\/v2\/product\/268"}],"collection":[{"href":"https:\/\/wlivre.com.br\/loja\/wp-json\/wp\/v2\/product"}],"about":[{"href":"https:\/\/wlivre.com.br\/loja\/wp-json\/wp\/v2\/types\/product"}],"replies":[{"embeddable":true,"href":"https:\/\/wlivre.com.br\/loja\/wp-json\/wp\/v2\/comments?post=268"}],"wp:featuredmedia":[{"embeddable":true,"href":"https:\/\/wlivre.com.br\/loja\/wp-json\/wp\/v2\/media\/270"}],"wp:attachment":[{"href":"https:\/\/wlivre.com.br\/loja\/wp-json\/wp\/v2\/media?parent=268"}],"wp:term":[{"taxonomy":"product_cat","embeddable":true,"href":"https:\/\/wlivre.com.br\/loja\/wp-json\/wp\/v2\/product_cat?post=268"},{"taxonomy":"product_tag","embeddable":true,"href":"https:\/\/wlivre.com.br\/loja\/wp-json\/wp\/v2\/product_tag?post=268"}],"curies":[{"name":"wp","href":"https:\/\/api.w.org\/{rel}","templated":true}]}}