{"id":283,"date":"2020-05-28T09:00:53","date_gmt":"2020-05-28T12:00:53","guid":{"rendered":"http:\/\/wlivre.com.br\/loja\/?post_type=product&#038;p=283"},"modified":"2020-05-28T09:00:53","modified_gmt":"2020-05-28T12:00:53","slug":"toner-p-samsung-mod-d104s","status":"publish","type":"product","link":"https:\/\/wlivre.com.br\/loja\/produto\/toner-p-samsung-mod-d104s\/","title":{"rendered":"TONER P\/ SAMSUNG MOD. D104S"},"content":{"rendered":"<p>CART. TONER COMPATIVEL P\/ SAMSUNG MOD. MLT-D104S &#8211; CT104S<\/p>\n<p>Impress\u00e3o e economia nunca combinaram tanto. O cartucho toner compat\u00edvel para Samsung Multilaser rende at\u00e9 1500 p\u00e1ginas em alta defini\u00e7\u00e3o e em preto.<\/p>\n<p>&nbsp;<\/p>\n","protected":false},"excerpt":{"rendered":"<p>CART. TONER COMPATIVEL P\/ SAMSUNG MOD. MLT-D104S &#8211; CT104S<\/p>\n","protected":false},"featured_media":284,"comment_status":"closed","ping_status":"closed","template":"","meta":[],"product_cat":[43],"product_tag":[],"_links":{"self":[{"href":"https:\/\/wlivre.com.br\/loja\/wp-json\/wp\/v2\/product\/283"}],"collection":[{"href":"https:\/\/wlivre.com.br\/loja\/wp-json\/wp\/v2\/product"}],"about":[{"href":"https:\/\/wlivre.com.br\/loja\/wp-json\/wp\/v2\/types\/product"}],"replies":[{"embeddable":true,"href":"https:\/\/wlivre.com.br\/loja\/wp-json\/wp\/v2\/comments?post=283"}],"wp:featuredmedia":[{"embeddable":true,"href":"https:\/\/wlivre.com.br\/loja\/wp-json\/wp\/v2\/media\/284"}],"wp:attachment":[{"href":"https:\/\/wlivre.com.br\/loja\/wp-json\/wp\/v2\/media?parent=283"}],"wp:term":[{"taxonomy":"product_cat","embeddable":true,"href":"https:\/\/wlivre.com.br\/loja\/wp-json\/wp\/v2\/product_cat?post=283"},{"taxonomy":"product_tag","embeddable":true,"href":"https:\/\/wlivre.com.br\/loja\/wp-json\/wp\/v2\/product_tag?post=283"}],"curies":[{"name":"wp","href":"https:\/\/api.w.org\/{rel}","templated":true}]}}