{"id":287,"date":"2020-05-28T09:11:45","date_gmt":"2020-05-28T12:11:45","guid":{"rendered":"http:\/\/wlivre.com.br\/loja\/?post_type=product&#038;p=287"},"modified":"2020-05-28T09:11:45","modified_gmt":"2020-05-28T12:11:45","slug":"toner-multilaser-compativel-c-brother-tn1060","status":"publish","type":"product","link":"https:\/\/wlivre.com.br\/loja\/produto\/toner-multilaser-compativel-c-brother-tn1060\/","title":{"rendered":"TONER MULTILASER COMPAT\u00cdVEL C\/ BROTHER TN1060"},"content":{"rendered":"<p>Cartucho Toner Multilaser, n\u00e3o fique sem fazer suas impress\u00f5es importantes, tenha sempre um cartucho da Multilaser em m\u00e3os.<\/p>\n<p>IMPRESSORAS COMPAT\u00cdVEIS:<br \/>\nCT106<br \/>\nBROTHER &#8211; HL-1110 \/ 1112 \/<br \/>\nDCP1512 \/ MFC-1810 \/ 1815<\/p>\n","protected":false},"excerpt":{"rendered":"<p>CARTUCHO TONER MULTILASER COMPAT\u00cdVEL C\/ BROTHER MOD. TN1060 PRETO &#8211; CT106<\/p>\n","protected":false},"featured_media":289,"comment_status":"closed","ping_status":"closed","template":"","meta":[],"product_cat":[43],"product_tag":[],"_links":{"self":[{"href":"https:\/\/wlivre.com.br\/loja\/wp-json\/wp\/v2\/product\/287"}],"collection":[{"href":"https:\/\/wlivre.com.br\/loja\/wp-json\/wp\/v2\/product"}],"about":[{"href":"https:\/\/wlivre.com.br\/loja\/wp-json\/wp\/v2\/types\/product"}],"replies":[{"embeddable":true,"href":"https:\/\/wlivre.com.br\/loja\/wp-json\/wp\/v2\/comments?post=287"}],"wp:featuredmedia":[{"embeddable":true,"href":"https:\/\/wlivre.com.br\/loja\/wp-json\/wp\/v2\/media\/289"}],"wp:attachment":[{"href":"https:\/\/wlivre.com.br\/loja\/wp-json\/wp\/v2\/media?parent=287"}],"wp:term":[{"taxonomy":"product_cat","embeddable":true,"href":"https:\/\/wlivre.com.br\/loja\/wp-json\/wp\/v2\/product_cat?post=287"},{"taxonomy":"product_tag","embeddable":true,"href":"https:\/\/wlivre.com.br\/loja\/wp-json\/wp\/v2\/product_tag?post=287"}],"curies":[{"name":"wp","href":"https:\/\/api.w.org\/{rel}","templated":true}]}}