{"id":302,"date":"2020-05-28T09:55:20","date_gmt":"2020-05-28T12:55:20","guid":{"rendered":"http:\/\/wlivre.com.br\/loja\/?post_type=product&#038;p=302"},"modified":"2021-03-29T09:36:50","modified_gmt":"2021-03-29T12:36:50","slug":"carregador-para-iphone-2x-usb-le-520p-lelong","status":"publish","type":"product","link":"https:\/\/wlivre.com.br\/loja\/produto\/carregador-para-iphone-2x-usb-le-520p-lelong\/","title":{"rendered":"Carregador para Iphone"},"content":{"rendered":"<p>Tipo: Carregador Externo.<br \/>\nEntrada: 110 ou 220V.<br \/>\nSa\u00edda: DC 5V 2A.<br \/>\nTemperatura de Opera\u00e7\u00e3o: -10\u00baC \u00e0 45\u00baC.<br \/>\nPeso L\u00edquido: 132g.<br \/>\nTamanho Embalagem: 81 * 190 * 35 mil\u00edmetros.<br \/>\nTamanho do Cabo: Aprox. 100cm.<br \/>\nDispon\u00edvel em Cores Sortidas.<br \/>\nMaterial utilizado na Fabrica\u00e7\u00e3o: Pl\u00e1stico, metal, li-polimero e circuito eletr\u00f4nico.<\/p>\n","protected":false},"excerpt":{"rendered":"<p>Tipo: Carregador Externo. Entrada: 110 ou 220V. Sa\u00edda: DC 5V 2A. Temperatura de Opera\u00e7\u00e3o: -10\u00baC \u00e0 45\u00baC. Peso L\u00edquido: 132g. Tamanho Embalagem: 81 * 190 * 35 mil\u00edmetros. Tamanho do Cabo: Aprox. 100cm. Dispon\u00edvel em Cores Sortidas. Material utilizado na Fabrica\u00e7\u00e3o: Pl\u00e1stico, metal, li-polimero e circuito eletr\u00f4nico.<\/p>\n","protected":false},"featured_media":342,"comment_status":"closed","ping_status":"closed","template":"","meta":[],"product_cat":[48],"product_tag":[],"_links":{"self":[{"href":"https:\/\/wlivre.com.br\/loja\/wp-json\/wp\/v2\/product\/302"}],"collection":[{"href":"https:\/\/wlivre.com.br\/loja\/wp-json\/wp\/v2\/product"}],"about":[{"href":"https:\/\/wlivre.com.br\/loja\/wp-json\/wp\/v2\/types\/product"}],"replies":[{"embeddable":true,"href":"https:\/\/wlivre.com.br\/loja\/wp-json\/wp\/v2\/comments?post=302"}],"wp:featuredmedia":[{"embeddable":true,"href":"https:\/\/wlivre.com.br\/loja\/wp-json\/wp\/v2\/media\/342"}],"wp:attachment":[{"href":"https:\/\/wlivre.com.br\/loja\/wp-json\/wp\/v2\/media?parent=302"}],"wp:term":[{"taxonomy":"product_cat","embeddable":true,"href":"https:\/\/wlivre.com.br\/loja\/wp-json\/wp\/v2\/product_cat?post=302"},{"taxonomy":"product_tag","embeddable":true,"href":"https:\/\/wlivre.com.br\/loja\/wp-json\/wp\/v2\/product_tag?post=302"}],"curies":[{"name":"wp","href":"https:\/\/api.w.org\/{rel}","templated":true}]}}