{"id":305,"date":"2020-05-28T10:03:24","date_gmt":"2020-05-28T13:03:24","guid":{"rendered":"http:\/\/wlivre.com.br\/loja\/?post_type=product&#038;p=305"},"modified":"2023-03-20T14:49:16","modified_gmt":"2023-03-20T17:49:16","slug":"fone-de-ouvido-bluetooth","status":"publish","type":"product","link":"https:\/\/wlivre.com.br\/loja\/produto\/fone-de-ouvido-bluetooth\/","title":{"rendered":"Fone de Ouvido Bluetooth KP-445"},"content":{"rendered":"<p>Tipo: Fone de Ouvido.<br \/>\nConex\u00e3o: Bluetooth.<br \/>\nEspecifica\u00e7\u00f5es T\u00e9cnicas:<br \/>\nBluetooth 4.0.<br \/>\nDist\u00e2ncia: M\u00e1ximo de 10 metros<br \/>\nDura\u00e7\u00e3o da Bateria em Uso: At\u00e9 3 horas.<br \/>\nTempo de Recarregamento: 2 horas.<br \/>\nMaterial utilizado na Fabrica\u00e7\u00e3o: Pl\u00e1stico, Fios de Cobre e Circuitos Eletr\u00f4nicos.<\/p>\n","protected":false},"excerpt":{"rendered":"<p>Tipo: Fone de Ouvido. Conex\u00e3o: Bluetooth. Especifica\u00e7\u00f5es T\u00e9cnicas: Bluetooth 4.0. Dist\u00e2ncia: M\u00e1ximo de 10 metros Dura\u00e7\u00e3o da Bateria em Uso: At\u00e9 3 horas. Tempo de Recarregamento: 2 horas. Material utilizado na Fabrica\u00e7\u00e3o: Pl\u00e1stico, Fios de Cobre e Circuitos Eletr\u00f4nicos.<\/p>\n","protected":false},"featured_media":323,"comment_status":"closed","ping_status":"closed","template":"","meta":[],"product_cat":[45],"product_tag":[],"_links":{"self":[{"href":"https:\/\/wlivre.com.br\/loja\/wp-json\/wp\/v2\/product\/305"}],"collection":[{"href":"https:\/\/wlivre.com.br\/loja\/wp-json\/wp\/v2\/product"}],"about":[{"href":"https:\/\/wlivre.com.br\/loja\/wp-json\/wp\/v2\/types\/product"}],"replies":[{"embeddable":true,"href":"https:\/\/wlivre.com.br\/loja\/wp-json\/wp\/v2\/comments?post=305"}],"wp:featuredmedia":[{"embeddable":true,"href":"https:\/\/wlivre.com.br\/loja\/wp-json\/wp\/v2\/media\/323"}],"wp:attachment":[{"href":"https:\/\/wlivre.com.br\/loja\/wp-json\/wp\/v2\/media?parent=305"}],"wp:term":[{"taxonomy":"product_cat","embeddable":true,"href":"https:\/\/wlivre.com.br\/loja\/wp-json\/wp\/v2\/product_cat?post=305"},{"taxonomy":"product_tag","embeddable":true,"href":"https:\/\/wlivre.com.br\/loja\/wp-json\/wp\/v2\/product_tag?post=305"}],"curies":[{"name":"wp","href":"https:\/\/api.w.org\/{rel}","templated":true}]}}