{"id":313,"date":"2020-05-28T10:14:20","date_gmt":"2020-05-28T13:14:20","guid":{"rendered":"http:\/\/wlivre.com.br\/loja\/?post_type=product&#038;p=313"},"modified":"2023-05-10T15:10:55","modified_gmt":"2023-05-10T18:10:55","slug":"leitor-de-codigo-de-barras-com-fio-sc-2013","status":"publish","type":"product","link":"https:\/\/wlivre.com.br\/loja\/produto\/leitor-de-codigo-de-barras-com-fio-sc-2013\/","title":{"rendered":"Leitor de C\u00f3digo de Barras com Fio"},"content":{"rendered":"<p>Tipo: Leitor de C\u00f3digo de Barras com Fio.<br \/>\nTecnologia:\u00a0C\u00f3digos Lineares 1D.<br \/>\nTemperatura de Opera\u00e7\u00e3o\u00a020\u00baC a 40\u00baC.<br \/>\nInterface USB 2.0 High Speed (480Mbps).<br \/>\nSistema: \u00d3ptico.<br \/>\nFonte de Luz: Diodo Laser 650 nm.<br \/>\nVelocidade de Leitura: 100 leituras \/ segundos .<br \/>\nResolu\u00e7\u00e3o de Digitaliza\u00e7\u00e3o: 2500 pixels.<br \/>\nComprimento de Leitura M\u00ednimo: 30 mm.<br \/>\nToler\u00e2ncia \u00e0 Luz:\u00a05000 Lux m\u00e1ximo (luz solar).<br \/>\nValor PCS: 30% ou mais.<br \/>\nResolu\u00e7\u00e3o: 5 mil (0,2mm).<br \/>\nTens\u00e3o: 5V DC \u00b1 5%.<br \/>\nCorrente de Opera\u00e7\u00e3o: 100 &#8211; 120 mA.<br \/>\nCorrente de Stand-by: 45 &#8211; 50 mA.<br \/>\nCorrente de Energia Ligado: 125 mA.<br \/>\nComprimento do Cabo: 1,8 metros.<br \/>\nPais de Origem: China<br \/>\nMaterial Utilizado na Fabrica\u00e7\u00e3o: Circuito Eletr\u00f4nico, Pl\u00e1stico, LED e Fios de Cobre.<\/p>\n","protected":false},"excerpt":{"rendered":"<p>Tipo: Leitor de C\u00f3digo de Barras com Fio. Tecnologia:\u00a0C\u00f3digos Lineares 1D. Temperatura de Opera\u00e7\u00e3o\u00a020\u00baC a 40\u00baC. Interface USB 2.0 High Speed (480Mbps). Sistema: \u00d3ptico. Fonte de Luz: Diodo Laser 650 nm. Velocidade de Leitura: 100 leituras \/ segundos . Resolu\u00e7\u00e3o de Digitaliza\u00e7\u00e3o: 2500 pixels. Comprimento de Leitura M\u00ednimo: 30 mm. Toler\u00e2ncia \u00e0 Luz:\u00a05000 Lux m\u00e1ximo &hellip;<\/p>\n<p class=\"read-more\"> <a class=\" thunk-readmore button \" href=\"https:\/\/wlivre.com.br\/loja\/produto\/leitor-de-codigo-de-barras-com-fio-sc-2013\/\"> <span class=\"screen-reader-text\">Leitor de C\u00f3digo de Barras com Fio<\/span>Read More<\/a><\/p>\n","protected":false},"featured_media":319,"comment_status":"closed","ping_status":"closed","template":"","meta":[],"product_cat":[49],"product_tag":[],"_links":{"self":[{"href":"https:\/\/wlivre.com.br\/loja\/wp-json\/wp\/v2\/product\/313"}],"collection":[{"href":"https:\/\/wlivre.com.br\/loja\/wp-json\/wp\/v2\/product"}],"about":[{"href":"https:\/\/wlivre.com.br\/loja\/wp-json\/wp\/v2\/types\/product"}],"replies":[{"embeddable":true,"href":"https:\/\/wlivre.com.br\/loja\/wp-json\/wp\/v2\/comments?post=313"}],"wp:featuredmedia":[{"embeddable":true,"href":"https:\/\/wlivre.com.br\/loja\/wp-json\/wp\/v2\/media\/319"}],"wp:attachment":[{"href":"https:\/\/wlivre.com.br\/loja\/wp-json\/wp\/v2\/media?parent=313"}],"wp:term":[{"taxonomy":"product_cat","embeddable":true,"href":"https:\/\/wlivre.com.br\/loja\/wp-json\/wp\/v2\/product_cat?post=313"},{"taxonomy":"product_tag","embeddable":true,"href":"https:\/\/wlivre.com.br\/loja\/wp-json\/wp\/v2\/product_tag?post=313"}],"curies":[{"name":"wp","href":"https:\/\/api.w.org\/{rel}","templated":true}]}}