{"id":356,"date":"2020-05-28T11:52:19","date_gmt":"2020-05-28T14:52:19","guid":{"rendered":"http:\/\/wlivre.com.br\/loja\/?post_type=product&#038;p=356"},"modified":"2021-03-29T09:50:28","modified_gmt":"2021-03-29T12:50:28","slug":"filtro-de-linha-4t-magnetics","status":"publish","type":"product","link":"https:\/\/wlivre.com.br\/loja\/produto\/filtro-de-linha-4t-magnetics\/","title":{"rendered":"Filtro de Linha 5 TOMADAS"},"content":{"rendered":"<p>Tipo: Estabilizador.<br \/>\nTens\u00e3o de opera\u00e7\u00e3o: 110V~115~127V ou 220V<br \/>\nPot\u00eancia M\u00e1xima: 1500W<br \/>\nCorrente M\u00e1xima: 10A<br \/>\nTomadas normatizadas: ABNT-INMETRO<br \/>\nCabo de for\u00e7a PVC\/Cobre &#8211; normatizado: ABNT-INMETRO<br \/>\nComprimento de Cabo: 0,90m<br \/>\nFus\u00edvel: 10A<br \/>\nSupressor de Picos<br \/>\nTens\u00e3o M\u00e1xima de Grampeamento: 710V<br \/>\nPico M\u00e1ximo de Corrente: 4500A<br \/>\nMaterial utilizado na Fabrica\u00e7\u00e3o: Pl\u00e1stico, Metal e Circuito Eletr\u00f4nico.<\/p>\n","protected":false},"excerpt":{"rendered":"<p>Tipo: Estabilizador. Tens\u00e3o de opera\u00e7\u00e3o: 110V~115~127V ou 220V Pot\u00eancia M\u00e1xima: 1500W Corrente M\u00e1xima: 10A Tomadas normatizadas: ABNT-INMETRO Cabo de for\u00e7a PVC\/Cobre &#8211; normatizado: ABNT-INMETRO Comprimento de Cabo: 0,90m Fus\u00edvel: 10A Supressor de Picos Tens\u00e3o M\u00e1xima de Grampeamento: 710V Pico M\u00e1ximo de Corrente: 4500A Material utilizado na Fabrica\u00e7\u00e3o: Pl\u00e1stico, Metal e Circuito Eletr\u00f4nico.<\/p>\n","protected":false},"featured_media":357,"comment_status":"closed","ping_status":"closed","template":"","meta":[],"product_cat":[51],"product_tag":[],"_links":{"self":[{"href":"https:\/\/wlivre.com.br\/loja\/wp-json\/wp\/v2\/product\/356"}],"collection":[{"href":"https:\/\/wlivre.com.br\/loja\/wp-json\/wp\/v2\/product"}],"about":[{"href":"https:\/\/wlivre.com.br\/loja\/wp-json\/wp\/v2\/types\/product"}],"replies":[{"embeddable":true,"href":"https:\/\/wlivre.com.br\/loja\/wp-json\/wp\/v2\/comments?post=356"}],"wp:featuredmedia":[{"embeddable":true,"href":"https:\/\/wlivre.com.br\/loja\/wp-json\/wp\/v2\/media\/357"}],"wp:attachment":[{"href":"https:\/\/wlivre.com.br\/loja\/wp-json\/wp\/v2\/media?parent=356"}],"wp:term":[{"taxonomy":"product_cat","embeddable":true,"href":"https:\/\/wlivre.com.br\/loja\/wp-json\/wp\/v2\/product_cat?post=356"},{"taxonomy":"product_tag","embeddable":true,"href":"https:\/\/wlivre.com.br\/loja\/wp-json\/wp\/v2\/product_tag?post=356"}],"curies":[{"name":"wp","href":"https:\/\/api.w.org\/{rel}","templated":true}]}}