{"id":367,"date":"2020-05-28T12:10:51","date_gmt":"2020-05-28T15:10:51","guid":{"rendered":"http:\/\/wlivre.com.br\/loja\/?post_type=product&#038;p=367"},"modified":"2021-01-14T11:09:16","modified_gmt":"2021-01-14T13:09:16","slug":"carregador-lelong-le-259c","status":"publish","type":"product","link":"https:\/\/wlivre.com.br\/loja\/produto\/carregador-lelong-le-259c\/","title":{"rendered":"CARREGADOR LELONG TIPO C"},"content":{"rendered":"<p>Tipo: Cabo de Dados.<br \/>\nComprimento: 1 metro.<br \/>\nConex\u00e3o:\u00a0USB Tipo C.<br \/>\nSa\u00edda: 2.4A.<br \/>\nDisponivel em Cores Sortidas.<br \/>\nMaterial Utilizado na Fabrica\u00e7\u00e3o: Pl\u00e1stico, Metal e Fios de Cobre.<\/p>\n","protected":false},"excerpt":{"rendered":"<p>Tipo: Cabo de Dados. Comprimento: 1 metro. Conex\u00e3o:\u00a0USB Tipo C. Sa\u00edda: 2.4A. Disponivel em Cores Sortidas. Material Utilizado na Fabrica\u00e7\u00e3o: Pl\u00e1stico, Metal e Fios de Cobre.<\/p>\n","protected":false},"featured_media":369,"comment_status":"closed","ping_status":"closed","template":"","meta":[],"product_cat":[48],"product_tag":[],"_links":{"self":[{"href":"https:\/\/wlivre.com.br\/loja\/wp-json\/wp\/v2\/product\/367"}],"collection":[{"href":"https:\/\/wlivre.com.br\/loja\/wp-json\/wp\/v2\/product"}],"about":[{"href":"https:\/\/wlivre.com.br\/loja\/wp-json\/wp\/v2\/types\/product"}],"replies":[{"embeddable":true,"href":"https:\/\/wlivre.com.br\/loja\/wp-json\/wp\/v2\/comments?post=367"}],"wp:featuredmedia":[{"embeddable":true,"href":"https:\/\/wlivre.com.br\/loja\/wp-json\/wp\/v2\/media\/369"}],"wp:attachment":[{"href":"https:\/\/wlivre.com.br\/loja\/wp-json\/wp\/v2\/media?parent=367"}],"wp:term":[{"taxonomy":"product_cat","embeddable":true,"href":"https:\/\/wlivre.com.br\/loja\/wp-json\/wp\/v2\/product_cat?post=367"},{"taxonomy":"product_tag","embeddable":true,"href":"https:\/\/wlivre.com.br\/loja\/wp-json\/wp\/v2\/product_tag?post=367"}],"curies":[{"name":"wp","href":"https:\/\/api.w.org\/{rel}","templated":true}]}}