{"id":381,"date":"2020-05-28T12:30:09","date_gmt":"2020-05-28T15:30:09","guid":{"rendered":"http:\/\/wlivre.com.br\/loja\/?post_type=product&#038;p=381"},"modified":"2023-03-20T14:47:06","modified_gmt":"2023-03-20T17:47:06","slug":"warrior-zuberi-teclado-gamer-warrior-zuberi","status":"publish","type":"product","link":"https:\/\/wlivre.com.br\/loja\/produto\/warrior-zuberi-teclado-gamer-warrior-zuberi\/","title":{"rendered":"WARRIOR ZUBERI TECLADO GAMER WARRIOR ZUBERI"},"content":{"rendered":"<p><iframe loading=\"lazy\" title=\"Teclado Gamer Warrior - TC210\" width=\"640\" height=\"360\" src=\"https:\/\/www.youtube.com\/embed\/P8p-v7C4Qds?feature=oembed\" frameborder=\"0\" allow=\"accelerometer; autoplay; encrypted-media; gyroscope; picture-in-picture\" allowfullscreen><\/iframe><\/p>\n<p><strong>Caracter\u00edsticas:<\/strong><br \/>\n&#8211; Marca: Warrior<br \/>\n&#8211; Modelo: TC210<\/p>\n<p><strong>Especifica\u00e7\u00f5es:\u00a0<\/strong><br \/>\n&#8211; Base para celular: Suporte para Smartphone em a\u00e7o acoplado ao teclado<br \/>\n&#8211; Teclas projetadas para auxiliar e simplicar os comandos, permitindo uma r\u00e1pida capacidade de resposta<br \/>\n&#8211; Ilumina\u00e7\u00e3o de fundo em cores diversas<br \/>\n&#8211; Compat\u00edvel com Windows<br \/>\n&#8211; Conex\u00e3o: USB 2.0<br \/>\n&#8211; Apoio ergon\u00f4micopara os pulsos para o maior conforto durante os jogos<br \/>\n&#8211; Teclado semi mec\u00e2nico<br \/>\n&#8211; Mola: Metal \/ Silicone<br \/>\n&#8211; Membrana de contato: Silicone<br \/>\n&#8211; Switch: Mec\u00e2nico<br \/>\n&#8211; Teclas de acesso imediato \u00e1s 12 fun\u00e7\u00f5es multim\u00eddia<br \/>\n&#8211; Ative e desative a tecla Windows para evitar acessos indesej\u00e1veis \u00e1 \u00e1rea de trabalho durante os jogos<br \/>\n&#8211; 23 Teclas anti-ghost<\/p>\n<p><strong>Conte\u00fado da embalagem:<\/strong><br \/>\n&#8211; 01\u00a0Teclado Gamer Semi Mec\u00e2nico<\/p>\n","protected":false},"excerpt":{"rendered":"<p>TECLADO GAMER WARRIOR ZUBERI SUPERF\u00cdCIE METAL LED &#8211; TC210<\/p>\n<p>&nbsp;<\/p>\n","protected":false},"featured_media":384,"comment_status":"closed","ping_status":"closed","template":"","meta":[],"product_cat":[30,28],"product_tag":[],"_links":{"self":[{"href":"https:\/\/wlivre.com.br\/loja\/wp-json\/wp\/v2\/product\/381"}],"collection":[{"href":"https:\/\/wlivre.com.br\/loja\/wp-json\/wp\/v2\/product"}],"about":[{"href":"https:\/\/wlivre.com.br\/loja\/wp-json\/wp\/v2\/types\/product"}],"replies":[{"embeddable":true,"href":"https:\/\/wlivre.com.br\/loja\/wp-json\/wp\/v2\/comments?post=381"}],"wp:featuredmedia":[{"embeddable":true,"href":"https:\/\/wlivre.com.br\/loja\/wp-json\/wp\/v2\/media\/384"}],"wp:attachment":[{"href":"https:\/\/wlivre.com.br\/loja\/wp-json\/wp\/v2\/media?parent=381"}],"wp:term":[{"taxonomy":"product_cat","embeddable":true,"href":"https:\/\/wlivre.com.br\/loja\/wp-json\/wp\/v2\/product_cat?post=381"},{"taxonomy":"product_tag","embeddable":true,"href":"https:\/\/wlivre.com.br\/loja\/wp-json\/wp\/v2\/product_tag?post=381"}],"curies":[{"name":"wp","href":"https:\/\/api.w.org\/{rel}","templated":true}]}}