{"id":389,"date":"2020-05-28T13:03:45","date_gmt":"2020-05-28T16:03:45","guid":{"rendered":"http:\/\/wlivre.com.br\/loja\/?post_type=product&#038;p=389"},"modified":"2023-03-20T15:28:03","modified_gmt":"2023-03-20T18:28:03","slug":"combo-teclado-e-mouse-sem-fio","status":"publish","type":"product","link":"https:\/\/wlivre.com.br\/loja\/produto\/combo-teclado-e-mouse-sem-fio\/","title":{"rendered":"COMBO TECLADO E MOUSE SEM FIO"},"content":{"rendered":"<p>PRATICIDADE E CONFORTO ELIMINE OS FIOS DA SUA MESA E DIGITE COM MAIS CONFORTO.<\/p>\n<p><strong>Caracter\u00edsticas:<\/strong><\/p>\n<p>&#8211; Marca: Multilaser<\/p>\n<p>&#8211; Modelo: TC212<\/p>\n<p><strong>Especifica\u00e7\u00f5es:<\/strong><\/p>\n<p>&#8211; Conex\u00e3o autom\u00e1tica, conecte a entrada USB e come\u00e7e a usar<\/p>\n<p>&#8211; Possui design elegante al\u00e9m de manter suas m\u00e3os em uma posi\u00e7\u00e3o agrad\u00e1vel.<\/p>\n<p><strong>Compatibilidade:<\/strong><\/p>\n<p>&#8211; Windows<\/p>\n<p><strong>Teclado:<\/strong><\/p>\n<p>&#8211; Alimenta\u00e7\u00e3o 1 Pilha AAA<\/p>\n<p>&#8211; Dimens\u00f5es (mm) 435 x 135 x 23<\/p>\n<p>&#8211; Teclas macias e silenciosas<\/p>\n<p>&#8211; Teclas de perfil baixo: Proporcionam uma digita\u00e7\u00e3o silenciosa e confort\u00e1vel<\/p>\n<p><strong>Mouse:<\/strong><\/p>\n<p>&#8211; Alimenta\u00e7\u00e3o 1 Pilha AAA<\/p>\n<p>&#8211; Dimens\u00f5es (mm) 57 x 9 x 26 cm<\/p>\n<p>&#8211; Tecnologia 2.4GHZ: Permite o uso em at\u00e9 8 metros de dist\u00e2ncia<\/p>\n<p><strong>\u00a0<\/strong><strong>Conte\u00fado da Embalagem:<\/strong><\/p>\n<p>&#8211; 01 Teclado<\/p>\n<p>&#8211; 01 Mouse sem fio<\/p>\n<p>&#8211; 01 Mini receptor USB<\/p>\n<p>&#8211; 01 Guia r\u00e1pido<\/p>\n","protected":false},"excerpt":{"rendered":"<p>COMBO TECLADO E MOUSE SEM FIO DE ENTRADA MULTIM\u00cdDIA USB PRETO &#8211; TC212<\/p>\n","protected":false},"featured_media":391,"comment_status":"closed","ping_status":"closed","template":"","meta":[],"product_cat":[29,28],"product_tag":[],"_links":{"self":[{"href":"https:\/\/wlivre.com.br\/loja\/wp-json\/wp\/v2\/product\/389"}],"collection":[{"href":"https:\/\/wlivre.com.br\/loja\/wp-json\/wp\/v2\/product"}],"about":[{"href":"https:\/\/wlivre.com.br\/loja\/wp-json\/wp\/v2\/types\/product"}],"replies":[{"embeddable":true,"href":"https:\/\/wlivre.com.br\/loja\/wp-json\/wp\/v2\/comments?post=389"}],"wp:featuredmedia":[{"embeddable":true,"href":"https:\/\/wlivre.com.br\/loja\/wp-json\/wp\/v2\/media\/391"}],"wp:attachment":[{"href":"https:\/\/wlivre.com.br\/loja\/wp-json\/wp\/v2\/media?parent=389"}],"wp:term":[{"taxonomy":"product_cat","embeddable":true,"href":"https:\/\/wlivre.com.br\/loja\/wp-json\/wp\/v2\/product_cat?post=389"},{"taxonomy":"product_tag","embeddable":true,"href":"https:\/\/wlivre.com.br\/loja\/wp-json\/wp\/v2\/product_tag?post=389"}],"curies":[{"name":"wp","href":"https:\/\/api.w.org\/{rel}","templated":true}]}}