{"id":393,"date":"2020-05-28T13:10:03","date_gmt":"2020-05-28T16:10:03","guid":{"rendered":"http:\/\/wlivre.com.br\/loja\/?post_type=product&#038;p=393"},"modified":"2023-05-02T17:07:23","modified_gmt":"2023-05-02T20:07:23","slug":"teclado-basico-slim-preto-usb-multilaser","status":"publish","type":"product","link":"https:\/\/wlivre.com.br\/loja\/produto\/teclado-basico-slim-preto-usb-multilaser\/","title":{"rendered":"TECLADO BASICO SLIM PRETO USB MULTILASER"},"content":{"rendered":"<p style=\"font-weight: 400;\"><strong style=\"font-weight: 100;\">Caracter\u00edsticas:<\/strong><br \/>\n&#8211; Marca: Multilaser<br \/>\n&#8211; Modelo: TC213<br \/>\n<strong style=\"font-weight: 100;\"><br \/>\nEspecifica\u00e7\u00f5es:\u00a0<\/strong><br \/>\n&#8211; Teclas macias e silenciosas<br \/>\n&#8211; Compatibilidade Windows ou Mac OS<br \/>\n&#8211; Modelo ABNT2<br \/>\n&#8211; Conex\u00e3o autom\u00e1tica, conecte a entrada USB e come\u00e7e a usar.<br \/>\n&#8211; Possui design elegante al\u00e9m de manter suas m\u00e3os em uma posi\u00e7\u00e3o agrad\u00e1vel.<br \/>\n&#8211; Dimens\u00f5es: 2,5 x 13,4 x 43,5<\/p>\n<p><strong style=\"font-weight: 100;\">Conte\u00fado da Embalagem:<\/strong><br \/>\n&#8211; 01\u00a0Teclado Multilaser Slim<\/p>\n","protected":false},"excerpt":{"rendered":"<p>TECLADO MULTILASER SLIM USB PRETO &#8211; TC213<\/p>\n","protected":false},"featured_media":394,"comment_status":"closed","ping_status":"closed","template":"","meta":[],"product_cat":[28],"product_tag":[],"_links":{"self":[{"href":"https:\/\/wlivre.com.br\/loja\/wp-json\/wp\/v2\/product\/393"}],"collection":[{"href":"https:\/\/wlivre.com.br\/loja\/wp-json\/wp\/v2\/product"}],"about":[{"href":"https:\/\/wlivre.com.br\/loja\/wp-json\/wp\/v2\/types\/product"}],"replies":[{"embeddable":true,"href":"https:\/\/wlivre.com.br\/loja\/wp-json\/wp\/v2\/comments?post=393"}],"wp:featuredmedia":[{"embeddable":true,"href":"https:\/\/wlivre.com.br\/loja\/wp-json\/wp\/v2\/media\/394"}],"wp:attachment":[{"href":"https:\/\/wlivre.com.br\/loja\/wp-json\/wp\/v2\/media?parent=393"}],"wp:term":[{"taxonomy":"product_cat","embeddable":true,"href":"https:\/\/wlivre.com.br\/loja\/wp-json\/wp\/v2\/product_cat?post=393"},{"taxonomy":"product_tag","embeddable":true,"href":"https:\/\/wlivre.com.br\/loja\/wp-json\/wp\/v2\/product_tag?post=393"}],"curies":[{"name":"wp","href":"https:\/\/api.w.org\/{rel}","templated":true}]}}