{"id":397,"date":"2020-05-28T13:15:31","date_gmt":"2020-05-28T16:15:31","guid":{"rendered":"http:\/\/wlivre.com.br\/loja\/?post_type=product&#038;p=397"},"modified":"2023-03-20T15:27:55","modified_gmt":"2023-03-20T18:27:55","slug":"teclado-basico-slim-preto-ps2","status":"publish","type":"product","link":"https:\/\/wlivre.com.br\/loja\/produto\/teclado-basico-slim-preto-ps2\/","title":{"rendered":"TECLADO BASICO SLIM PRETO PS2"},"content":{"rendered":"<p style=\"font-weight: 400;\"><strong style=\"font-weight: 100;\">Caracter\u00edsticas:<\/strong><br \/>\n&#8211; Marca: Multilaser<br \/>\n&#8211; Modelo: TC225<\/p>\n<p><strong style=\"font-weight: 100;\">Especifica\u00e7\u00f5es:<\/strong><br \/>\n&#8211; Composi\u00e7\u00e3o do material: Pl\u00e1stico e Placa interna<br \/>\n&#8211; Dimens\u00f5es: 43,5 x 13,4 x 2,5 cm<br \/>\n&#8211; Conex\u00e3o: PS2<br \/>\n&#8211; Cor: Preto<\/p>\n<p style=\"font-weight: 400;\"><strong style=\"font-weight: 100;\"><br \/>\nConte\u00fado da embalagem:<\/strong><br \/>\n&#8211;\u00a0Teclado Multilaser<\/p>\n","protected":false},"excerpt":{"rendered":"<p>TECLADO B\u00c1SICO SLIM PRETO COM CONECTOR PS\/2 PRETO MULTILASER &#8211; TC225<\/p>\n","protected":false},"featured_media":394,"comment_status":"closed","ping_status":"closed","template":"","meta":[],"product_cat":[28],"product_tag":[],"_links":{"self":[{"href":"https:\/\/wlivre.com.br\/loja\/wp-json\/wp\/v2\/product\/397"}],"collection":[{"href":"https:\/\/wlivre.com.br\/loja\/wp-json\/wp\/v2\/product"}],"about":[{"href":"https:\/\/wlivre.com.br\/loja\/wp-json\/wp\/v2\/types\/product"}],"replies":[{"embeddable":true,"href":"https:\/\/wlivre.com.br\/loja\/wp-json\/wp\/v2\/comments?post=397"}],"wp:featuredmedia":[{"embeddable":true,"href":"https:\/\/wlivre.com.br\/loja\/wp-json\/wp\/v2\/media\/394"}],"wp:attachment":[{"href":"https:\/\/wlivre.com.br\/loja\/wp-json\/wp\/v2\/media?parent=397"}],"wp:term":[{"taxonomy":"product_cat","embeddable":true,"href":"https:\/\/wlivre.com.br\/loja\/wp-json\/wp\/v2\/product_cat?post=397"},{"taxonomy":"product_tag","embeddable":true,"href":"https:\/\/wlivre.com.br\/loja\/wp-json\/wp\/v2\/product_tag?post=397"}],"curies":[{"name":"wp","href":"https:\/\/api.w.org\/{rel}","templated":true}]}}