{"id":406,"date":"2020-05-28T15:11:43","date_gmt":"2020-05-28T18:11:43","guid":{"rendered":"http:\/\/wlivre.com.br\/loja\/?post_type=product&#038;p=406"},"modified":"2020-08-24T11:03:10","modified_gmt":"2020-08-24T14:03:10","slug":"cabo-de-audio-e-video-rca-x-rca-15-metros","status":"publish","type":"product","link":"https:\/\/wlivre.com.br\/loja\/produto\/cabo-de-audio-e-video-rca-x-rca-15-metros\/","title":{"rendered":"Cabo De \u00c1udio E V\u00eddeo Rca X Rca 1,5 Metros"},"content":{"rendered":"<p>3 conectores RCA (\u00e1udio mono, v\u00eddeo e \u00e1udio est\u00e9reo)<br \/>\n-Pontas em metal resistente e inoxid\u00e1vel douradas<br \/>\n-Comprimento do cabo: 1,5m<br \/>\n-Indicado mini systems, DVD Player, Home theater e Blu-ray<\/p>\n","protected":false},"excerpt":{"rendered":"<p>3 conectores RCA (\u00e1udio mono, v\u00eddeo e \u00e1udio est\u00e9reo) -Pontas em metal resistente e inoxid\u00e1vel douradas -Comprimento do cabo: 1,5m -Indicado mini systems, DVD Player, Home theater e Blu-ray<\/p>\n","protected":false},"featured_media":407,"comment_status":"closed","ping_status":"closed","template":"","meta":[],"product_cat":[27],"product_tag":[],"_links":{"self":[{"href":"https:\/\/wlivre.com.br\/loja\/wp-json\/wp\/v2\/product\/406"}],"collection":[{"href":"https:\/\/wlivre.com.br\/loja\/wp-json\/wp\/v2\/product"}],"about":[{"href":"https:\/\/wlivre.com.br\/loja\/wp-json\/wp\/v2\/types\/product"}],"replies":[{"embeddable":true,"href":"https:\/\/wlivre.com.br\/loja\/wp-json\/wp\/v2\/comments?post=406"}],"wp:featuredmedia":[{"embeddable":true,"href":"https:\/\/wlivre.com.br\/loja\/wp-json\/wp\/v2\/media\/407"}],"wp:attachment":[{"href":"https:\/\/wlivre.com.br\/loja\/wp-json\/wp\/v2\/media?parent=406"}],"wp:term":[{"taxonomy":"product_cat","embeddable":true,"href":"https:\/\/wlivre.com.br\/loja\/wp-json\/wp\/v2\/product_cat?post=406"},{"taxonomy":"product_tag","embeddable":true,"href":"https:\/\/wlivre.com.br\/loja\/wp-json\/wp\/v2\/product_tag?post=406"}],"curies":[{"name":"wp","href":"https:\/\/api.w.org\/{rel}","templated":true}]}}