{"id":415,"date":"2020-05-28T15:49:01","date_gmt":"2020-05-28T18:49:01","guid":{"rendered":"http:\/\/wlivre.com.br\/loja\/?post_type=product&#038;p=415"},"modified":"2023-05-10T15:13:39","modified_gmt":"2023-05-10T18:13:39","slug":"3x-bateria-alcalina-9v-flex-gold-fx-9k1","status":"publish","type":"product","link":"https:\/\/wlivre.com.br\/loja\/produto\/3x-bateria-alcalina-9v-flex-gold-fx-9k1\/","title":{"rendered":"Bateria Alcalina 9v Flex Gold Fx-9k1"},"content":{"rendered":"<p>BATERIA ALCALINA<br \/>\nTamanho 9V<\/p>\n<p>As baterias Alcalinas FLEXGOLD foram desenvolvidas para garantir longa dura\u00e7\u00e3o nos diferentes aparelhos, principalmente nos que requerem alta drenagem de energia, como: c\u00e2meras digitais, brinquedos e outros. Al\u00e9m disso, sem adi\u00e7\u00e3o de merc\u00fario e c\u00e1dmio n\u00e3o agredindo o meio ambiente.<\/p>\n","protected":false},"excerpt":{"rendered":"<p>BATERIA ALCALINA Tamanho 9V As baterias Alcalinas FLEXGOLD foram desenvolvidas para garantir longa dura\u00e7\u00e3o nos diferentes aparelhos, principalmente nos que requerem alta drenagem de energia, como: c\u00e2meras digitais, brinquedos e outros. Al\u00e9m disso, sem adi\u00e7\u00e3o de merc\u00fario e c\u00e1dmio n\u00e3o agredindo o meio ambiente.<\/p>\n","protected":false},"featured_media":416,"comment_status":"closed","ping_status":"closed","template":"","meta":[],"product_cat":[54],"product_tag":[],"_links":{"self":[{"href":"https:\/\/wlivre.com.br\/loja\/wp-json\/wp\/v2\/product\/415"}],"collection":[{"href":"https:\/\/wlivre.com.br\/loja\/wp-json\/wp\/v2\/product"}],"about":[{"href":"https:\/\/wlivre.com.br\/loja\/wp-json\/wp\/v2\/types\/product"}],"replies":[{"embeddable":true,"href":"https:\/\/wlivre.com.br\/loja\/wp-json\/wp\/v2\/comments?post=415"}],"wp:featuredmedia":[{"embeddable":true,"href":"https:\/\/wlivre.com.br\/loja\/wp-json\/wp\/v2\/media\/416"}],"wp:attachment":[{"href":"https:\/\/wlivre.com.br\/loja\/wp-json\/wp\/v2\/media?parent=415"}],"wp:term":[{"taxonomy":"product_cat","embeddable":true,"href":"https:\/\/wlivre.com.br\/loja\/wp-json\/wp\/v2\/product_cat?post=415"},{"taxonomy":"product_tag","embeddable":true,"href":"https:\/\/wlivre.com.br\/loja\/wp-json\/wp\/v2\/product_tag?post=415"}],"curies":[{"name":"wp","href":"https:\/\/api.w.org\/{rel}","templated":true}]}}