{"id":495,"date":"2020-05-28T18:37:11","date_gmt":"2020-05-28T21:37:11","guid":{"rendered":"http:\/\/wlivre.com.br\/loja\/?post_type=product&#038;p=495"},"modified":"2023-03-16T11:51:00","modified_gmt":"2023-03-16T14:51:00","slug":"mini-caixa-de-som-altomex","status":"publish","type":"product","link":"https:\/\/wlivre.com.br\/loja\/produto\/mini-caixa-de-som-altomex\/","title":{"rendered":"Mini Caixa de som Altomex"},"content":{"rendered":"<p>Mini Caixa De Som Port\u00e1til Speaker Ws-887<br \/>\nMini Caixa De Som Speaker Ws-887 Com Bluetooth, Fm, Entrada Micro Sd E Auxiliar.<br \/>\nSurpreenda Com A Qualidade De Som!<br \/>\nEspecifica\u00e7\u00e3o T\u00e9cnica:<br \/>\nModelo: Ws-887<br \/>\nVers\u00e3o Do Bluettoth: 4.0<br \/>\nSa\u00edda Alto Falante: 3w<br \/>\nEntrada Cart\u00e3o De Mem\u00f3ria: Sim<br \/>\nDistor\u00e7\u00e3o: &lt; 0,5<br \/>\nFaixa De Rf: 10m<br \/>\nResposta De Frequ\u00eancia: 280hz \u2013 16khz<br \/>\nTens\u00e3o Da Bateria \/ Capacidade: 5v+- 0,5v<br \/>\nSinal De Ru\u00eddo: &gt;-85db<br \/>\nCapacidade De Bateria: 820ma<br \/>\nTempo De Carregamento: Cerca De 2 Horas<br \/>\nDimens\u00f5es: Alt. 7cm \/ Diam . 6,5cm<br \/>\nItens Inclusos:<br \/>\nCaixa De Som Ws-887<\/p>\n","protected":false},"excerpt":{"rendered":"<p>Mini Caixa De Som Port\u00e1til Speaker Ws-887 Mini Caixa De Som Speaker Ws-887 Com Bluetooth, Fm, Entrada Micro Sd E Auxiliar. Surpreenda Com A Qualidade De Som! Especifica\u00e7\u00e3o T\u00e9cnica: Modelo: Ws-887 Vers\u00e3o Do Bluettoth: 4.0 Sa\u00edda Alto Falante: 3w Entrada Cart\u00e3o De Mem\u00f3ria: Sim Distor\u00e7\u00e3o: &lt; 0,5 Faixa De Rf: 10m Resposta De Frequ\u00eancia: 280hz &hellip;<\/p>\n<p class=\"read-more\"> <a class=\" thunk-readmore button \" href=\"https:\/\/wlivre.com.br\/loja\/produto\/mini-caixa-de-som-altomex\/\"> <span class=\"screen-reader-text\">Mini Caixa de som Altomex<\/span>Read More<\/a><\/p>\n","protected":false},"featured_media":500,"comment_status":"closed","ping_status":"closed","template":"","meta":[],"product_cat":[55],"product_tag":[],"_links":{"self":[{"href":"https:\/\/wlivre.com.br\/loja\/wp-json\/wp\/v2\/product\/495"}],"collection":[{"href":"https:\/\/wlivre.com.br\/loja\/wp-json\/wp\/v2\/product"}],"about":[{"href":"https:\/\/wlivre.com.br\/loja\/wp-json\/wp\/v2\/types\/product"}],"replies":[{"embeddable":true,"href":"https:\/\/wlivre.com.br\/loja\/wp-json\/wp\/v2\/comments?post=495"}],"wp:featuredmedia":[{"embeddable":true,"href":"https:\/\/wlivre.com.br\/loja\/wp-json\/wp\/v2\/media\/500"}],"wp:attachment":[{"href":"https:\/\/wlivre.com.br\/loja\/wp-json\/wp\/v2\/media?parent=495"}],"wp:term":[{"taxonomy":"product_cat","embeddable":true,"href":"https:\/\/wlivre.com.br\/loja\/wp-json\/wp\/v2\/product_cat?post=495"},{"taxonomy":"product_tag","embeddable":true,"href":"https:\/\/wlivre.com.br\/loja\/wp-json\/wp\/v2\/product_tag?post=495"}],"curies":[{"name":"wp","href":"https:\/\/api.w.org\/{rel}","templated":true}]}}