{"id":548,"date":"2020-08-04T16:09:38","date_gmt":"2020-08-04T19:09:38","guid":{"rendered":"http:\/\/wlivre.com.br\/loja\/?post_type=product&#038;p=548"},"modified":"2023-05-10T15:15:38","modified_gmt":"2023-05-10T18:15:38","slug":"ssd-kingston-a400-240gb-sata-leitura-500mb-s-gravacao-350mb-s","status":"publish","type":"product","link":"https:\/\/wlivre.com.br\/loja\/produto\/ssd-kingston-a400-240gb-sata-leitura-500mb-s-gravacao-350mb-s\/","title":{"rendered":"SSD Kingston A400, 240GB, SATA, Leitura 500MB\/s, Grava\u00e7\u00e3o 350MB\/s"},"content":{"rendered":"","protected":false},"excerpt":{"rendered":"<p>Conhe\u00e7a o SSD A400 da Kingston. Performance incr\u00edvel e tecnologia de ponta! Este SSD possui com a tecnologia 3D NAND (tamb\u00e9m chamada de V-NAND). Performance n\u00e3o ser\u00e1 problema com este SSD. Ele possui uma controladora de \u00faltima gera\u00e7\u00e3o para velocidades de leitura e grava\u00e7\u00e3o de at\u00e9 500MB\/s e 350MB\/s, este SSD \u00e9 10x mais r\u00e1pido do que um HD tradicional para melhor desempenho, resposta ultrarr\u00e1pida em multitarefas e um computador mais r\u00e1pido de modo geral. O seu desktop merece esse grande upgrade de velocidade! Comparados a discos r\u00edgidos mec\u00e2nicos, o SSD A400 aumenta de forma dr\u00e1stica a resposta do seu PC com tempos maravilhosos de inicializa\u00e7\u00e3o, carregamento e transfer\u00eancia. Al\u00e9m dessa performance incr\u00edvel, este SSD tamb\u00e9m \u00e9 mais confi\u00e1vel e dur\u00e1vel do que um disco r\u00edgido comum. Este A400 possui 240GB de capacidade, o tamanho certo para o que voc\u00ea precisa no dia a dia.<\/p>\n","protected":false},"featured_media":549,"comment_status":"closed","ping_status":"closed","template":"","meta":[],"product_cat":[36],"product_tag":[],"_links":{"self":[{"href":"https:\/\/wlivre.com.br\/loja\/wp-json\/wp\/v2\/product\/548"}],"collection":[{"href":"https:\/\/wlivre.com.br\/loja\/wp-json\/wp\/v2\/product"}],"about":[{"href":"https:\/\/wlivre.com.br\/loja\/wp-json\/wp\/v2\/types\/product"}],"replies":[{"embeddable":true,"href":"https:\/\/wlivre.com.br\/loja\/wp-json\/wp\/v2\/comments?post=548"}],"wp:featuredmedia":[{"embeddable":true,"href":"https:\/\/wlivre.com.br\/loja\/wp-json\/wp\/v2\/media\/549"}],"wp:attachment":[{"href":"https:\/\/wlivre.com.br\/loja\/wp-json\/wp\/v2\/media?parent=548"}],"wp:term":[{"taxonomy":"product_cat","embeddable":true,"href":"https:\/\/wlivre.com.br\/loja\/wp-json\/wp\/v2\/product_cat?post=548"},{"taxonomy":"product_tag","embeddable":true,"href":"https:\/\/wlivre.com.br\/loja\/wp-json\/wp\/v2\/product_tag?post=548"}],"curies":[{"name":"wp","href":"https:\/\/api.w.org\/{rel}","templated":true}]}}