{"id":573,"date":"2020-08-26T10:08:03","date_gmt":"2020-08-26T13:08:03","guid":{"rendered":"http:\/\/wlivre.com.br\/loja\/?post_type=product&#038;p=573"},"modified":"2023-03-20T15:24:08","modified_gmt":"2023-03-20T18:24:08","slug":"fone-de-ouvido-esportivo-bluetooth-lelong","status":"publish","type":"product","link":"https:\/\/wlivre.com.br\/loja\/produto\/fone-de-ouvido-esportivo-bluetooth-lelong\/","title":{"rendered":"Fone De Ouvido Esportivo Bluetooth JBL"},"content":{"rendered":"","protected":false},"excerpt":{"rendered":"<p>Fone De Ouvido Sem Fio Esportivo LeLong LE-0225<\/p>\n<p>Estes fones sem fio foram desenvolvidos para oferecer uma experiencia de total liberdade. Com foco na praticidade, a proposta deste fone \u00e9 ser leve, confort\u00e1vel e simples de usar, de tal modo que voc\u00ea esque\u00e7a que esta usando o fone.<\/p>\n<p>D\u00e1 suporte a comandos por voz.<\/p>\n<p>Luz em LED para indicar claramente o status do fone de ouvido.<\/p>\n<p>Compat\u00edvel\u00a0 com os dispositivos com interface Bluetooth 4.0.<\/p>\n<p>Bateria recarreg\u00e1vel de l\u00edtio embutida com dura\u00e7\u00e3o de 4 horas.<\/p>\n<p>EMPARELHAMENTO ATIVO<\/p>\n<p>Com o emparelhamento ativo, o dispositivo procurar\u00e1 um dispositivo anteriormente conectado.<\/p>\n<p>TECNOLOGIA MULTIPONTO-CONEX\u00c3O DUPLA<\/p>\n<p>Possui tecnologia multiponto, permitindo conex\u00e3o duplas entre fone de ouvido e dois celulares simultaneamente.<\/p>\n","protected":false},"featured_media":574,"comment_status":"closed","ping_status":"closed","template":"","meta":[],"product_cat":[45],"product_tag":[],"_links":{"self":[{"href":"https:\/\/wlivre.com.br\/loja\/wp-json\/wp\/v2\/product\/573"}],"collection":[{"href":"https:\/\/wlivre.com.br\/loja\/wp-json\/wp\/v2\/product"}],"about":[{"href":"https:\/\/wlivre.com.br\/loja\/wp-json\/wp\/v2\/types\/product"}],"replies":[{"embeddable":true,"href":"https:\/\/wlivre.com.br\/loja\/wp-json\/wp\/v2\/comments?post=573"}],"wp:featuredmedia":[{"embeddable":true,"href":"https:\/\/wlivre.com.br\/loja\/wp-json\/wp\/v2\/media\/574"}],"wp:attachment":[{"href":"https:\/\/wlivre.com.br\/loja\/wp-json\/wp\/v2\/media?parent=573"}],"wp:term":[{"taxonomy":"product_cat","embeddable":true,"href":"https:\/\/wlivre.com.br\/loja\/wp-json\/wp\/v2\/product_cat?post=573"},{"taxonomy":"product_tag","embeddable":true,"href":"https:\/\/wlivre.com.br\/loja\/wp-json\/wp\/v2\/product_tag?post=573"}],"curies":[{"name":"wp","href":"https:\/\/api.w.org\/{rel}","templated":true}]}}