{"id":577,"date":"2020-08-26T10:36:46","date_gmt":"2020-08-26T13:36:46","guid":{"rendered":"http:\/\/wlivre.com.br\/loja\/?post_type=product&#038;p=577"},"modified":"2023-05-10T15:15:09","modified_gmt":"2023-05-10T18:15:09","slug":"controle-remoto-bluetooth-para-tirar-foto","status":"publish","type":"product","link":"https:\/\/wlivre.com.br\/loja\/produto\/controle-remoto-bluetooth-para-tirar-foto\/","title":{"rendered":"CONTROLE REMOTO BLUETOOTH PARA TIRAR FOTO"},"content":{"rendered":"","protected":false},"excerpt":{"rendered":"<p>O\u00a0<strong>Controle Remoto Bluetooth Celular<\/strong>\u00a0\u00e9 um produto que foi desenvolvido para facilitar a vida dos usu\u00e1rios de smartphones que adoram tirar aquela selfie\u00a0sozinho ou com a galera. Com ele, voc\u00ea pode facilmente tirar fotos ou fazer v\u00eddeos sem precisar tocar no seu aparelho. Com o Controle Remoto para Celular Bluetooth voc\u00ea pode\u00a0tirar fotos ou filmar de uma dist\u00e2ncia de at\u00e9 5 metros<\/p>\n","protected":false},"featured_media":591,"comment_status":"closed","ping_status":"closed","template":"","meta":[],"product_cat":[25,46,26],"product_tag":[],"_links":{"self":[{"href":"https:\/\/wlivre.com.br\/loja\/wp-json\/wp\/v2\/product\/577"}],"collection":[{"href":"https:\/\/wlivre.com.br\/loja\/wp-json\/wp\/v2\/product"}],"about":[{"href":"https:\/\/wlivre.com.br\/loja\/wp-json\/wp\/v2\/types\/product"}],"replies":[{"embeddable":true,"href":"https:\/\/wlivre.com.br\/loja\/wp-json\/wp\/v2\/comments?post=577"}],"wp:featuredmedia":[{"embeddable":true,"href":"https:\/\/wlivre.com.br\/loja\/wp-json\/wp\/v2\/media\/591"}],"wp:attachment":[{"href":"https:\/\/wlivre.com.br\/loja\/wp-json\/wp\/v2\/media?parent=577"}],"wp:term":[{"taxonomy":"product_cat","embeddable":true,"href":"https:\/\/wlivre.com.br\/loja\/wp-json\/wp\/v2\/product_cat?post=577"},{"taxonomy":"product_tag","embeddable":true,"href":"https:\/\/wlivre.com.br\/loja\/wp-json\/wp\/v2\/product_tag?post=577"}],"curies":[{"name":"wp","href":"https:\/\/api.w.org\/{rel}","templated":true}]}}