{"id":609,"date":"2020-08-26T12:31:36","date_gmt":"2020-08-26T15:31:36","guid":{"rendered":"http:\/\/wlivre.com.br\/loja\/?post_type=product&#038;p=609"},"modified":"2023-03-20T15:23:56","modified_gmt":"2023-03-20T18:23:56","slug":"mouse-gamer-xsoldado-gm-705","status":"publish","type":"product","link":"https:\/\/wlivre.com.br\/loja\/produto\/mouse-gamer-xsoldado-gm-705\/","title":{"rendered":"MOUSE GAMER XSOLDADO GM-705"},"content":{"rendered":"","protected":false},"excerpt":{"rendered":"<p>O Ambiente gamer ganha uma atmosfera mas radical e espetacular ao introduzir este mouse com cabo Usb. Al\u00e9m de todos os de equil\u00edbrio e precis\u00e3o necess\u00e1rios, tais como sensor \u00f3ptico, ajuste de Dpi, botoes laterais para mudan\u00e7a r\u00e1pida de paginas da Web, peso interno para melhor estabilidade e filtro acoplado ao refor\u00e7ado revestido em malha, para evitar interfer\u00eancias, \u00e9 Plug and Play e sete cores de ilumina\u00e7\u00e3o Led que se alternam e giram em torno do mouse.<\/p>\n<p>O Design anat\u00f4mico, com apoio do centro da m\u00e3o mas alto, evita suor e proporciona uso prolongado de maneira confort\u00e1vel.<\/p>\n<p>Caracter\u00edsticas:<\/p>\n<p>Conex\u00e3o Usb<br \/>\nIlumina\u00e7\u00e3o Led Rgb 7 Cores<br \/>\nAlterna Dpi:800\/1200\/1600\/2400<br \/>\nBotoes de acesso r\u00e1pido:direito e esquerdo, ajuste de DPIs, Scroll e dois botoes laterais para mudan\u00e7a r\u00e1pida de paginas na Web.<br \/>\nSensor \u00d3ptico<br \/>\nPlug and Play<br \/>\nCabo externa em malha transada resistente<br \/>\nCabeamento de cobre interna<br \/>\nCabo com filtro<br \/>\nCabo comprimento 1,50cm<br \/>\nPeso especial para gamer<br \/>\nFiltro contra interfer\u00eancia<br \/>\nDimens\u00f5es Aprox, do Produto (A x L x P): 12,8 x 6,5 x 4,4 cm<\/p>\n","protected":false},"featured_media":611,"comment_status":"closed","ping_status":"closed","template":"","meta":[],"product_cat":[30,29],"product_tag":[],"_links":{"self":[{"href":"https:\/\/wlivre.com.br\/loja\/wp-json\/wp\/v2\/product\/609"}],"collection":[{"href":"https:\/\/wlivre.com.br\/loja\/wp-json\/wp\/v2\/product"}],"about":[{"href":"https:\/\/wlivre.com.br\/loja\/wp-json\/wp\/v2\/types\/product"}],"replies":[{"embeddable":true,"href":"https:\/\/wlivre.com.br\/loja\/wp-json\/wp\/v2\/comments?post=609"}],"wp:featuredmedia":[{"embeddable":true,"href":"https:\/\/wlivre.com.br\/loja\/wp-json\/wp\/v2\/media\/611"}],"wp:attachment":[{"href":"https:\/\/wlivre.com.br\/loja\/wp-json\/wp\/v2\/media?parent=609"}],"wp:term":[{"taxonomy":"product_cat","embeddable":true,"href":"https:\/\/wlivre.com.br\/loja\/wp-json\/wp\/v2\/product_cat?post=609"},{"taxonomy":"product_tag","embeddable":true,"href":"https:\/\/wlivre.com.br\/loja\/wp-json\/wp\/v2\/product_tag?post=609"}],"curies":[{"name":"wp","href":"https:\/\/api.w.org\/{rel}","templated":true}]}}