{"id":612,"date":"2020-08-26T12:50:56","date_gmt":"2020-08-26T15:50:56","guid":{"rendered":"http:\/\/wlivre.com.br\/loja\/?post_type=product&#038;p=612"},"modified":"2023-03-20T15:14:34","modified_gmt":"2023-03-20T18:14:34","slug":"mouse-gamer-xsoldado-gm-720","status":"publish","type":"product","link":"https:\/\/wlivre.com.br\/loja\/produto\/mouse-gamer-xsoldado-gm-720\/","title":{"rendered":"MOUSE GAMER XSOLDADO GM-720"},"content":{"rendered":"","protected":false},"excerpt":{"rendered":"<p>Resolu\u00e7\u00e3o \u00f3ptica ajust\u00e1vel de at\u00e9 3200 dpi<br \/>\n7 bot\u00f5es<br \/>\nMaterial de \u00f3tima qualidade<br \/>\nCabo com 1,5m de comprimento e revestimento em tecido<br \/>\nConex\u00e3o USB<\/p>\n","protected":false},"featured_media":613,"comment_status":"closed","ping_status":"closed","template":"","meta":[],"product_cat":[30,29],"product_tag":[],"_links":{"self":[{"href":"https:\/\/wlivre.com.br\/loja\/wp-json\/wp\/v2\/product\/612"}],"collection":[{"href":"https:\/\/wlivre.com.br\/loja\/wp-json\/wp\/v2\/product"}],"about":[{"href":"https:\/\/wlivre.com.br\/loja\/wp-json\/wp\/v2\/types\/product"}],"replies":[{"embeddable":true,"href":"https:\/\/wlivre.com.br\/loja\/wp-json\/wp\/v2\/comments?post=612"}],"wp:featuredmedia":[{"embeddable":true,"href":"https:\/\/wlivre.com.br\/loja\/wp-json\/wp\/v2\/media\/613"}],"wp:attachment":[{"href":"https:\/\/wlivre.com.br\/loja\/wp-json\/wp\/v2\/media?parent=612"}],"wp:term":[{"taxonomy":"product_cat","embeddable":true,"href":"https:\/\/wlivre.com.br\/loja\/wp-json\/wp\/v2\/product_cat?post=612"},{"taxonomy":"product_tag","embeddable":true,"href":"https:\/\/wlivre.com.br\/loja\/wp-json\/wp\/v2\/product_tag?post=612"}],"curies":[{"name":"wp","href":"https:\/\/api.w.org\/{rel}","templated":true}]}}