{"id":616,"date":"2020-08-26T12:57:39","date_gmt":"2020-08-26T15:57:39","guid":{"rendered":"http:\/\/wlivre.com.br\/loja\/?post_type=product&#038;p=616"},"modified":"2023-03-20T15:14:41","modified_gmt":"2023-03-20T18:14:41","slug":"mouser-gamer-xsoldado","status":"publish","type":"product","link":"https:\/\/wlivre.com.br\/loja\/produto\/mouser-gamer-xsoldado\/","title":{"rendered":"MOUSER GAMER XSOLDADO GM-601"},"content":{"rendered":"","protected":false},"excerpt":{"rendered":"<p>O Ambiente gamer ganha uma atmosfera mas radical e espetacular ao introduzir este mouse com cabo USB. Al\u00e9m de todos os de equil\u00edbrio e precis\u00e3o necess\u00e1rios, tais como sensor \u00f3ptico, ajuste de DPI, botoes laterais para mudan\u00e7a r\u00e1pida de paginas da WEB, peso interno para melhor estabilidade e filtro acoplado ao refor\u00e7ado revestido em malha, para evitar interfer\u00eancias, \u00e9 Plug and Play e sete cores de ilumina\u00e7\u00e3o LED que se alternam e giram em torno do mouse. O Design anat\u00f4mico, com apoio do centro da m\u00e3o mas alto, evita suor e proporciona uso prolongado de maneira confort\u00e1vel.<\/p>\n<p>Detalhes:<br \/>\nConex\u00e3o USB<br \/>\n. Ilumina\u00e7\u00e3o LED RGB 7 Cores<br \/>\n. Alterna DPI:800\/1200\/1600\/2400<br \/>\n. Botoes de acesso r\u00e1pido:direito e esquerdo, ajuste de DPIs, Scroll e dois botoes laterais para mudan\u00e7a r\u00e1pida de paginas na Web.<br \/>\n. Sensor \u00d3ptico<br \/>\n. Plug and Play<br \/>\n. Cabo externa em malha transada resistente<br \/>\n. Cabeamento de cobre interna<br \/>\n. Cabo com filtro<br \/>\n. Cabo comprimento 1,50cm<br \/>\n. Peso especial para gamer<br \/>\n. Filtro contra interfer\u00eancia<\/p>\n","protected":false},"featured_media":617,"comment_status":"closed","ping_status":"closed","template":"","meta":[],"product_cat":[30,29],"product_tag":[],"_links":{"self":[{"href":"https:\/\/wlivre.com.br\/loja\/wp-json\/wp\/v2\/product\/616"}],"collection":[{"href":"https:\/\/wlivre.com.br\/loja\/wp-json\/wp\/v2\/product"}],"about":[{"href":"https:\/\/wlivre.com.br\/loja\/wp-json\/wp\/v2\/types\/product"}],"replies":[{"embeddable":true,"href":"https:\/\/wlivre.com.br\/loja\/wp-json\/wp\/v2\/comments?post=616"}],"wp:featuredmedia":[{"embeddable":true,"href":"https:\/\/wlivre.com.br\/loja\/wp-json\/wp\/v2\/media\/617"}],"wp:attachment":[{"href":"https:\/\/wlivre.com.br\/loja\/wp-json\/wp\/v2\/media?parent=616"}],"wp:term":[{"taxonomy":"product_cat","embeddable":true,"href":"https:\/\/wlivre.com.br\/loja\/wp-json\/wp\/v2\/product_cat?post=616"},{"taxonomy":"product_tag","embeddable":true,"href":"https:\/\/wlivre.com.br\/loja\/wp-json\/wp\/v2\/product_tag?post=616"}],"curies":[{"name":"wp","href":"https:\/\/api.w.org\/{rel}","templated":true}]}}