{"id":628,"date":"2020-09-02T12:28:27","date_gmt":"2020-09-02T15:28:27","guid":{"rendered":"http:\/\/wlivre.com.br\/loja\/?post_type=product&#038;p=628"},"modified":"2023-03-20T15:15:10","modified_gmt":"2023-03-20T18:15:10","slug":"caixa-de-som-kts-1172","status":"publish","type":"product","link":"https:\/\/wlivre.com.br\/loja\/produto\/caixa-de-som-kts-1172\/","title":{"rendered":"CAIXA DE SOM KTS-1172"},"content":{"rendered":"","protected":false},"excerpt":{"rendered":"<p>A Caixa de Som Port\u00e1til com Bluetooth FM SD USB e LED KTS-1172 \u00e9 capaz de tocar as m\u00fasicas de formato MP3 de cart\u00f5es de mem\u00f3ria e\/ou USB, al\u00e9m de funcionar tamb\u00e9m como r\u00e1dio FM. Possui fun\u00e7\u00e3o bluethooth que permite controlar o aparelho \u00e0 dist\u00e2ncia. Funciona tamb\u00e9m como um amplificador de som de alt\u00edssima qualidade e pot\u00eancia, permitindo seu uso em nas mais diversas situa\u00e7\u00f5es, seja em reuni\u00f5es de lazer. Voc\u00ea pode utilizar como instrumento para divulga\u00e7\u00e3o de produtos, pois ela possui entrada para microfone. Bateria de bom desempenho e dura\u00e7\u00e3o.<\/p>\n<p>Caracter\u00edsticas do Produto:<br \/>\nAviso Sobre o Produto: Imagem ilustrativa.<br \/>\nTipo: Caixa de Som.<br \/>\nTamanho: 15cm x 12cm x 9cm.<br \/>\nPeso: 400gr.<br \/>\nSa\u00edda: 5W 2R.<br \/>\nFrequ\u00eancia FM: 87.5 &#8211; 108.0 MHZ .<br \/>\nFrequ\u00eancia de Resposta: 100Hz-20KHz.<br \/>\nBateria Interna: 600mAh.<br \/>\nAlto-falante: 3 inch \/ 40hms.<br \/>\nVoltagem: 5VDC (recomenda-se utilizar tomada USB de 2 Amperes).<\/p>\n","protected":false},"featured_media":746,"comment_status":"closed","ping_status":"closed","template":"","meta":[],"product_cat":[55],"product_tag":[],"_links":{"self":[{"href":"https:\/\/wlivre.com.br\/loja\/wp-json\/wp\/v2\/product\/628"}],"collection":[{"href":"https:\/\/wlivre.com.br\/loja\/wp-json\/wp\/v2\/product"}],"about":[{"href":"https:\/\/wlivre.com.br\/loja\/wp-json\/wp\/v2\/types\/product"}],"replies":[{"embeddable":true,"href":"https:\/\/wlivre.com.br\/loja\/wp-json\/wp\/v2\/comments?post=628"}],"wp:featuredmedia":[{"embeddable":true,"href":"https:\/\/wlivre.com.br\/loja\/wp-json\/wp\/v2\/media\/746"}],"wp:attachment":[{"href":"https:\/\/wlivre.com.br\/loja\/wp-json\/wp\/v2\/media?parent=628"}],"wp:term":[{"taxonomy":"product_cat","embeddable":true,"href":"https:\/\/wlivre.com.br\/loja\/wp-json\/wp\/v2\/product_cat?post=628"},{"taxonomy":"product_tag","embeddable":true,"href":"https:\/\/wlivre.com.br\/loja\/wp-json\/wp\/v2\/product_tag?post=628"}],"curies":[{"name":"wp","href":"https:\/\/api.w.org\/{rel}","templated":true}]}}