{"id":643,"date":"2020-09-16T09:46:05","date_gmt":"2020-09-16T12:46:05","guid":{"rendered":"http:\/\/wlivre.com.br\/loja\/?post_type=product&#038;p=643"},"modified":"2023-03-20T15:15:42","modified_gmt":"2023-03-20T18:15:42","slug":"fone-de-ouvido-bluetooth-a-856","status":"publish","type":"product","link":"https:\/\/wlivre.com.br\/loja\/produto\/fone-de-ouvido-bluetooth-a-856\/","title":{"rendered":"fone de ouvido Bluetooth A-856"},"content":{"rendered":"","protected":false},"excerpt":{"rendered":"<p>&#8211; Compatibilidade com qualquer aparelho bluetooth.<\/p>\n<p>&#8211; Conex\u00e3o via bluetooth \/ wirelles, mini USB, r\u00e1dio FM.<\/p>\n<p>&#8211; Controle de volume.<\/p>\n<p>&#8211; Espuma confort\u00e1vel de alta tecnologia para superior imped\u00e2ncia ac\u00fastica.<\/p>\n<p>&#8211; Haste flex\u00edvel e ajust\u00e1vel.<\/p>\n<p>&#8211; Micro SD.<\/p>\n<p>&#8211; Microfone embutido.<\/p>\n<p>&#8211; Som est\u00e9reo.<\/p>\n<p>Conte\u00fado da Embalagem:<\/p>\n<p>&nbsp;<\/p>\n<p>&#8211; 1Cabo USB<\/p>\n<p>&#8211; 1Fone de Ouvido Bluetooth Altomex A856<\/p>\n","protected":false},"featured_media":645,"comment_status":"closed","ping_status":"closed","template":"","meta":[],"product_cat":[45],"product_tag":[],"_links":{"self":[{"href":"https:\/\/wlivre.com.br\/loja\/wp-json\/wp\/v2\/product\/643"}],"collection":[{"href":"https:\/\/wlivre.com.br\/loja\/wp-json\/wp\/v2\/product"}],"about":[{"href":"https:\/\/wlivre.com.br\/loja\/wp-json\/wp\/v2\/types\/product"}],"replies":[{"embeddable":true,"href":"https:\/\/wlivre.com.br\/loja\/wp-json\/wp\/v2\/comments?post=643"}],"wp:featuredmedia":[{"embeddable":true,"href":"https:\/\/wlivre.com.br\/loja\/wp-json\/wp\/v2\/media\/645"}],"wp:attachment":[{"href":"https:\/\/wlivre.com.br\/loja\/wp-json\/wp\/v2\/media?parent=643"}],"wp:term":[{"taxonomy":"product_cat","embeddable":true,"href":"https:\/\/wlivre.com.br\/loja\/wp-json\/wp\/v2\/product_cat?post=643"},{"taxonomy":"product_tag","embeddable":true,"href":"https:\/\/wlivre.com.br\/loja\/wp-json\/wp\/v2\/product_tag?post=643"}],"curies":[{"name":"wp","href":"https:\/\/api.w.org\/{rel}","templated":true}]}}