{"id":647,"date":"2020-09-16T09:57:41","date_gmt":"2020-09-16T12:57:41","guid":{"rendered":"http:\/\/wlivre.com.br\/loja\/?post_type=product&#038;p=647"},"modified":"2023-03-20T15:15:54","modified_gmt":"2023-03-20T18:15:54","slug":"fone-de-ouvido-bluetooth-a-991","status":"publish","type":"product","link":"https:\/\/wlivre.com.br\/loja\/produto\/fone-de-ouvido-bluetooth-a-991\/","title":{"rendered":"fone de ouvido Bluetooth A-991"},"content":{"rendered":"","protected":false},"excerpt":{"rendered":"<p>Vers\u00e3o sem fio 4.2<br \/>\nPerfil : A2DP1.2 AV CRP1.4<br \/>\nFaixa de RF: 10m<br \/>\nMovimenta\u00e7\u00e3o da dimens\u00e3o : 40mm<br \/>\nImped\u00e2ncia: 32+-15%<br \/>\nTaxa S\/N :80db<br \/>\nEntrada SD Card MP3<br \/>\nBluetooth 4.2<br \/>\nRadio FM<\/p>\n","protected":false},"featured_media":648,"comment_status":"closed","ping_status":"closed","template":"","meta":[],"product_cat":[45],"product_tag":[],"_links":{"self":[{"href":"https:\/\/wlivre.com.br\/loja\/wp-json\/wp\/v2\/product\/647"}],"collection":[{"href":"https:\/\/wlivre.com.br\/loja\/wp-json\/wp\/v2\/product"}],"about":[{"href":"https:\/\/wlivre.com.br\/loja\/wp-json\/wp\/v2\/types\/product"}],"replies":[{"embeddable":true,"href":"https:\/\/wlivre.com.br\/loja\/wp-json\/wp\/v2\/comments?post=647"}],"wp:featuredmedia":[{"embeddable":true,"href":"https:\/\/wlivre.com.br\/loja\/wp-json\/wp\/v2\/media\/648"}],"wp:attachment":[{"href":"https:\/\/wlivre.com.br\/loja\/wp-json\/wp\/v2\/media?parent=647"}],"wp:term":[{"taxonomy":"product_cat","embeddable":true,"href":"https:\/\/wlivre.com.br\/loja\/wp-json\/wp\/v2\/product_cat?post=647"},{"taxonomy":"product_tag","embeddable":true,"href":"https:\/\/wlivre.com.br\/loja\/wp-json\/wp\/v2\/product_tag?post=647"}],"curies":[{"name":"wp","href":"https:\/\/api.w.org\/{rel}","templated":true}]}}