{"id":650,"date":"2020-09-16T10:13:29","date_gmt":"2020-09-16T13:13:29","guid":{"rendered":"http:\/\/wlivre.com.br\/loja\/?post_type=product&#038;p=650"},"modified":"2023-03-20T15:16:04","modified_gmt":"2023-03-20T18:16:04","slug":"headset-warrior-ph336","status":"publish","type":"product","link":"https:\/\/wlivre.com.br\/loja\/produto\/headset-warrior-ph336\/","title":{"rendered":"Headset Gamer Warrior ph336"},"content":{"rendered":"","protected":false},"excerpt":{"rendered":"<p>Headset Gamer Osborn Army P3 Warrior , projetado para manter o m\u00e1ximo de conforto durante as longas maratonas de jogos, possui estrutura interna de metal, que aumenta a resist\u00eancia e durabilidade do produto.Com arco acolchoado com espuma de material super macio, hastes que possibilitam o ajuste do arco a qualquer usu\u00e1rio. Graves refor\u00e7ados, te proporcionando realidade sonora ainda maior devido a seus drivers de 50mm, com isolamento ac\u00fastico para garantir qualidade de som, seu microfone ominidirecional com diminui\u00e7\u00e3o de ru\u00eddo para evitar interfer\u00eancias sonoras externas.<\/p>\n<p>Di\u00e2metro do Driver 40mm<br \/>\nImped\u00e2ncia: 32 Ohms<br \/>\nSensibilidade: 108dB S.P.L.at 1KHz<br \/>\nPot\u00eancia: 20mW<br \/>\nFrequ\u00eancia de Resposta: 20Hz-20,000Hz<br \/>\nDi\u00e2metro Microfone: 6.0x 5.0mm<br \/>\nSensibilidade Microfone: -38db.3db<br \/>\nCabo: 1.2 metros<br \/>\nConector: P3 3.5mm (CTIA)<\/p>\n","protected":false},"featured_media":651,"comment_status":"closed","ping_status":"closed","template":"","meta":[],"product_cat":[30,32],"product_tag":[],"_links":{"self":[{"href":"https:\/\/wlivre.com.br\/loja\/wp-json\/wp\/v2\/product\/650"}],"collection":[{"href":"https:\/\/wlivre.com.br\/loja\/wp-json\/wp\/v2\/product"}],"about":[{"href":"https:\/\/wlivre.com.br\/loja\/wp-json\/wp\/v2\/types\/product"}],"replies":[{"embeddable":true,"href":"https:\/\/wlivre.com.br\/loja\/wp-json\/wp\/v2\/comments?post=650"}],"wp:featuredmedia":[{"embeddable":true,"href":"https:\/\/wlivre.com.br\/loja\/wp-json\/wp\/v2\/media\/651"}],"wp:attachment":[{"href":"https:\/\/wlivre.com.br\/loja\/wp-json\/wp\/v2\/media?parent=650"}],"wp:term":[{"taxonomy":"product_cat","embeddable":true,"href":"https:\/\/wlivre.com.br\/loja\/wp-json\/wp\/v2\/product_cat?post=650"},{"taxonomy":"product_tag","embeddable":true,"href":"https:\/\/wlivre.com.br\/loja\/wp-json\/wp\/v2\/product_tag?post=650"}],"curies":[{"name":"wp","href":"https:\/\/api.w.org\/{rel}","templated":true}]}}