{"id":659,"date":"2020-09-16T11:48:03","date_gmt":"2020-09-16T14:48:03","guid":{"rendered":"http:\/\/wlivre.com.br\/loja\/?post_type=product&#038;p=659"},"modified":"2023-03-20T15:16:35","modified_gmt":"2023-03-20T18:16:35","slug":"pendrive-nano-preto-16gb","status":"publish","type":"product","link":"https:\/\/wlivre.com.br\/loja\/produto\/pendrive-nano-preto-16gb\/","title":{"rendered":"Pendrive Nano Preto 16GB"},"content":{"rendered":"","protected":false},"excerpt":{"rendered":"<p>Armazene suas fotos, m\u00fasicas, planilhas, entre outros documentos com mais qualidade e seguran\u00e7a. \u00c9 a Multilaser pensando em sua comodidade proporcionando praticidade ao seu dia a dia com esse Pen Drive Nano 16GB Preto! \u00c9 s\u00f3 conectar&#8230;<\/p>\n","protected":false},"featured_media":660,"comment_status":"closed","ping_status":"closed","template":"","meta":[],"product_cat":[35],"product_tag":[],"_links":{"self":[{"href":"https:\/\/wlivre.com.br\/loja\/wp-json\/wp\/v2\/product\/659"}],"collection":[{"href":"https:\/\/wlivre.com.br\/loja\/wp-json\/wp\/v2\/product"}],"about":[{"href":"https:\/\/wlivre.com.br\/loja\/wp-json\/wp\/v2\/types\/product"}],"replies":[{"embeddable":true,"href":"https:\/\/wlivre.com.br\/loja\/wp-json\/wp\/v2\/comments?post=659"}],"wp:featuredmedia":[{"embeddable":true,"href":"https:\/\/wlivre.com.br\/loja\/wp-json\/wp\/v2\/media\/660"}],"wp:attachment":[{"href":"https:\/\/wlivre.com.br\/loja\/wp-json\/wp\/v2\/media?parent=659"}],"wp:term":[{"taxonomy":"product_cat","embeddable":true,"href":"https:\/\/wlivre.com.br\/loja\/wp-json\/wp\/v2\/product_cat?post=659"},{"taxonomy":"product_tag","embeddable":true,"href":"https:\/\/wlivre.com.br\/loja\/wp-json\/wp\/v2\/product_tag?post=659"}],"curies":[{"name":"wp","href":"https:\/\/api.w.org\/{rel}","templated":true}]}}