{"id":664,"date":"2020-09-18T09:32:40","date_gmt":"2020-09-18T12:32:40","guid":{"rendered":"http:\/\/wlivre.com.br\/loja\/?post_type=product&#038;p=664"},"modified":"2021-12-10T08:17:50","modified_gmt":"2021-12-10T11:17:50","slug":"mesa-digitaliadora-ctl-490-wo-ax","status":"publish","type":"product","link":"https:\/\/wlivre.com.br\/loja\/produto\/mesa-digitaliadora-ctl-490-wo-ax\/","title":{"rendered":"Mesa digitaliadora CTL-490\/WO-AX"},"content":{"rendered":"","protected":false},"excerpt":{"rendered":"<p><b>Mesa digitalizadora gr\u00e1fica Wacom Intuos Draw CTL490DW com resolu\u00e7\u00e3o de 2540 lpi,\u00a0<span style=\"color: black;\">ideal cria\u00e7\u00e3o de esbo\u00e7os, compartilhar trabalhos com amigos ou come\u00e7ar um portf\u00f3lio.<span style=\"color: slategray;\"><br \/>\n<span style=\"color: darkred;\">&#8211;\u00a0<\/span>Design moderno \u00e9 um acess\u00f3rio de estilo para o ambiente de trabalho.<br \/>\n<span style=\"color: darkred;\">&#8211;\u00a0<\/span>Transforma o computador em uma ferramenta de edi\u00e7\u00e3o avan\u00e7ada, possibilitando fazer marca\u00e7\u00f5es, anota\u00e7\u00f5es e desenhos.<br \/>\n<span style=\"color: darkred;\">&#8211;\u00a0<\/span>Com uma \u00e1rea de trabalho de 15,2 x 9,5 cm (6 x 3,7 polegadas)\u00a0oferecendo um bom espa\u00e7o.<br \/>\n<span style=\"color: darkred;\">&#8211;\u00a0<\/span>Possui 4 bot\u00f5es ExpressKeys program\u00e1veis para personalizar a mesa digitalizadora e adicionar atalhos.<br \/>\n<span style=\"color: darkred;\">&#8211;\u00a0<\/span>LED indicativo de funcionamento em branco.<br \/>\n<span style=\"color: darkred;\">&#8211;\u00a0<\/span>Tecnologia de m\u00e9todo de resson\u00e2ncia eletromagn\u00e9tica patenteada.<br \/>\n<span style=\"color: darkred;\">&#8211;\u00a0<\/span>Caneta ergon\u00f4mica sens\u00edvel \u00e0 press\u00e3o com 1024 n\u00edveis\u00a0proporciona uma sensa\u00e7\u00e3o natural ao desenho e \u00e0 pintura, assim como uma caneta no papel.<br \/>\n<span style=\"color: darkred;\">&#8211;\u00a0<\/span>Disp\u00f5e de 2 bot\u00f5es personaliz\u00e1veis na caneta.<br \/>\n<span style=\"color: darkred;\">&#8211;\u00a0<\/span>Suporte de caneta anexado de tecido para segurar convenientemente uma caneta.<br \/>\n<span style=\"color: darkred;\">&#8211;\u00a0<\/span>Permite atrav\u00e9s de registro efetuar o download do software ArtRage Lite para desenhar, esbo\u00e7ar e pintar.<\/span><\/span><\/b><\/p>\n","protected":false},"featured_media":665,"comment_status":"closed","ping_status":"closed","template":"","meta":[],"product_cat":[20],"product_tag":[],"_links":{"self":[{"href":"https:\/\/wlivre.com.br\/loja\/wp-json\/wp\/v2\/product\/664"}],"collection":[{"href":"https:\/\/wlivre.com.br\/loja\/wp-json\/wp\/v2\/product"}],"about":[{"href":"https:\/\/wlivre.com.br\/loja\/wp-json\/wp\/v2\/types\/product"}],"replies":[{"embeddable":true,"href":"https:\/\/wlivre.com.br\/loja\/wp-json\/wp\/v2\/comments?post=664"}],"wp:featuredmedia":[{"embeddable":true,"href":"https:\/\/wlivre.com.br\/loja\/wp-json\/wp\/v2\/media\/665"}],"wp:attachment":[{"href":"https:\/\/wlivre.com.br\/loja\/wp-json\/wp\/v2\/media?parent=664"}],"wp:term":[{"taxonomy":"product_cat","embeddable":true,"href":"https:\/\/wlivre.com.br\/loja\/wp-json\/wp\/v2\/product_cat?post=664"},{"taxonomy":"product_tag","embeddable":true,"href":"https:\/\/wlivre.com.br\/loja\/wp-json\/wp\/v2\/product_tag?post=664"}],"curies":[{"name":"wp","href":"https:\/\/api.w.org\/{rel}","templated":true}]}}