{"id":726,"date":"2020-09-28T09:07:09","date_gmt":"2020-09-28T12:07:09","guid":{"rendered":"http:\/\/wlivre.com.br\/loja\/?post_type=product&#038;p=726"},"modified":"2023-03-16T11:39:15","modified_gmt":"2023-03-16T14:39:15","slug":"eitor-smartcard-certificado-digital-com-nf-gemalto","status":"publish","type":"product","link":"https:\/\/wlivre.com.br\/loja\/produto\/eitor-smartcard-certificado-digital-com-nf-gemalto\/","title":{"rendered":"leitor Smartcard Certificado Digital Com Nf Gemalto"},"content":{"rendered":"","protected":false},"excerpt":{"rendered":"<p>O leitor Gemalto para Certificado Digital faz a leitura e grava\u00e7\u00e3o de cart\u00f5es smart cards (cart\u00f5es inteligentes) de certificado digital em um equipamento compacto e de baixo custo. O IDBridge permite a realiza\u00e7\u00e3o de diversas opera\u00e7\u00f5es com rapidez e seguran\u00e7a.<\/p>\n<p>A quantidade crescente de servi\u00e7os disponibilizados por bancos e entidades na Internet, tornam o Smartnonus o produto ideal para, transa\u00e7\u00f5es banc\u00e1rias com total seguran\u00e7a. Possibilidade de uso em novos servi\u00e7os dispon\u00edveis (e a serem disponibilizados) na Internet.<\/p>\n<p>Imprescind\u00edvel para o acesso aos servi\u00e7os oferecidos pelo governo federal brasileiro (e-CPF, e-CNPJ) com o certificado digital e para obten\u00e7\u00e3o e envio de documentos cartor\u00e1rios. Aplica\u00e7\u00f5es baseadas em programas de milhagem ou de cart\u00e3o fidelidade. Carga de cart\u00f5es de pagamento de refei\u00e7\u00e3o.<\/p>\n","protected":false},"featured_media":741,"comment_status":"closed","ping_status":"closed","template":"","meta":[],"product_cat":[49],"product_tag":[],"_links":{"self":[{"href":"https:\/\/wlivre.com.br\/loja\/wp-json\/wp\/v2\/product\/726"}],"collection":[{"href":"https:\/\/wlivre.com.br\/loja\/wp-json\/wp\/v2\/product"}],"about":[{"href":"https:\/\/wlivre.com.br\/loja\/wp-json\/wp\/v2\/types\/product"}],"replies":[{"embeddable":true,"href":"https:\/\/wlivre.com.br\/loja\/wp-json\/wp\/v2\/comments?post=726"}],"wp:featuredmedia":[{"embeddable":true,"href":"https:\/\/wlivre.com.br\/loja\/wp-json\/wp\/v2\/media\/741"}],"wp:attachment":[{"href":"https:\/\/wlivre.com.br\/loja\/wp-json\/wp\/v2\/media?parent=726"}],"wp:term":[{"taxonomy":"product_cat","embeddable":true,"href":"https:\/\/wlivre.com.br\/loja\/wp-json\/wp\/v2\/product_cat?post=726"},{"taxonomy":"product_tag","embeddable":true,"href":"https:\/\/wlivre.com.br\/loja\/wp-json\/wp\/v2\/product_tag?post=726"}],"curies":[{"name":"wp","href":"https:\/\/api.w.org\/{rel}","templated":true}]}}