{"id":728,"date":"2020-09-28T09:31:48","date_gmt":"2020-09-28T12:31:48","guid":{"rendered":"http:\/\/wlivre.com.br\/loja\/?post_type=product&#038;p=728"},"modified":"2023-05-10T15:19:22","modified_gmt":"2023-05-10T18:19:22","slug":"bateria-para-lanterna-brc16850-original","status":"publish","type":"product","link":"https:\/\/wlivre.com.br\/loja\/produto\/bateria-para-lanterna-brc16850-original\/","title":{"rendered":"Bateria para lanterna brc16850 original"},"content":{"rendered":"","protected":false},"excerpt":{"rendered":"<p>Alta capacidade de dura\u00e7\u00e3o<br \/>\nTens\u00e3o: 3,7V<br \/>\nCapacidade: 6800mAh<br \/>\nPonto de prote\u00e7\u00e3o de sobrecarga: 4,2v<br \/>\nPonto de prote\u00e7\u00e3o de descarga: 2,7v<br \/>\nDi\u00e2metro: 1,8cm x 6,5cm<br \/>\nPeso (1 unidade): 47,4g<br \/>\nSistema de seguran\u00e7a: N\u00e3o possui chip<br \/>\nUtiliza\u00e7\u00e3o: produtos eletr\u00f4nicos, lanternas t\u00e1ticas, lanternas, holofotes.<\/p>\n","protected":false},"featured_media":740,"comment_status":"closed","ping_status":"closed","template":"","meta":[],"product_cat":[54],"product_tag":[],"_links":{"self":[{"href":"https:\/\/wlivre.com.br\/loja\/wp-json\/wp\/v2\/product\/728"}],"collection":[{"href":"https:\/\/wlivre.com.br\/loja\/wp-json\/wp\/v2\/product"}],"about":[{"href":"https:\/\/wlivre.com.br\/loja\/wp-json\/wp\/v2\/types\/product"}],"replies":[{"embeddable":true,"href":"https:\/\/wlivre.com.br\/loja\/wp-json\/wp\/v2\/comments?post=728"}],"wp:featuredmedia":[{"embeddable":true,"href":"https:\/\/wlivre.com.br\/loja\/wp-json\/wp\/v2\/media\/740"}],"wp:attachment":[{"href":"https:\/\/wlivre.com.br\/loja\/wp-json\/wp\/v2\/media?parent=728"}],"wp:term":[{"taxonomy":"product_cat","embeddable":true,"href":"https:\/\/wlivre.com.br\/loja\/wp-json\/wp\/v2\/product_cat?post=728"},{"taxonomy":"product_tag","embeddable":true,"href":"https:\/\/wlivre.com.br\/loja\/wp-json\/wp\/v2\/product_tag?post=728"}],"curies":[{"name":"wp","href":"https:\/\/api.w.org\/{rel}","templated":true}]}}