{"id":732,"date":"2020-09-28T10:06:03","date_gmt":"2020-09-28T13:06:03","guid":{"rendered":"http:\/\/wlivre.com.br\/loja\/?post_type=product&#038;p=732"},"modified":"2023-03-16T11:34:57","modified_gmt":"2023-03-16T14:34:57","slug":"cooler-para-processador","status":"publish","type":"product","link":"https:\/\/wlivre.com.br\/loja\/produto\/cooler-para-processador\/","title":{"rendered":"cooler para processador"},"content":{"rendered":"","protected":false},"excerpt":{"rendered":"<p>COOLER DEX DX-7115 Soquete 775-1150-1155-1156 O cooler DX-7115 \u00e9 uma excelente op\u00e7\u00e3o, porque consegue unir alta performance, al\u00e9m de trabalhar silenciosamente. Caracter\u00edsticas APLICACOES Processador Intel Soquete LGA 775 Intel Core 2 Duo, Core 2 Quad, Celeron-D series, P4 4,0GHz e maior Processador Intel Soquete LGA 1155 \/ 1156 TDP&gt;= 75W Core i3 e i5 Ventoinha 12 VDC 92 X 92 X25mm Dissipador 87 X 84 X 18mm Rolamento Sleeve Rota\u00e7\u00e3o 2300 RPM +\/- 10% Ru\u00eddo 26dBA (MAX) Fluxo de Ar 45 CFM Tens\u00e3o Nominal 12 VDC Tens\u00e3o Operacional 10.8~ 13.2 VDC Corrente 0.14A (+\/-10%) Entrada de Alimenta\u00e7\u00e3o 1.68W Itens inclusos 01 Cooler DX-7115<\/p>\n","protected":false},"featured_media":739,"comment_status":"closed","ping_status":"closed","template":"","meta":[],"product_cat":[57],"product_tag":[],"_links":{"self":[{"href":"https:\/\/wlivre.com.br\/loja\/wp-json\/wp\/v2\/product\/732"}],"collection":[{"href":"https:\/\/wlivre.com.br\/loja\/wp-json\/wp\/v2\/product"}],"about":[{"href":"https:\/\/wlivre.com.br\/loja\/wp-json\/wp\/v2\/types\/product"}],"replies":[{"embeddable":true,"href":"https:\/\/wlivre.com.br\/loja\/wp-json\/wp\/v2\/comments?post=732"}],"wp:featuredmedia":[{"embeddable":true,"href":"https:\/\/wlivre.com.br\/loja\/wp-json\/wp\/v2\/media\/739"}],"wp:attachment":[{"href":"https:\/\/wlivre.com.br\/loja\/wp-json\/wp\/v2\/media?parent=732"}],"wp:term":[{"taxonomy":"product_cat","embeddable":true,"href":"https:\/\/wlivre.com.br\/loja\/wp-json\/wp\/v2\/product_cat?post=732"},{"taxonomy":"product_tag","embeddable":true,"href":"https:\/\/wlivre.com.br\/loja\/wp-json\/wp\/v2\/product_tag?post=732"}],"curies":[{"name":"wp","href":"https:\/\/api.w.org\/{rel}","templated":true}]}}