{"id":787,"date":"2020-10-15T10:47:26","date_gmt":"2020-10-15T13:47:26","guid":{"rendered":"http:\/\/wlivre.com.br\/loja\/?post_type=product&#038;p=787"},"modified":"2023-03-20T15:20:18","modified_gmt":"2023-03-20T18:20:18","slug":"fone-bluetooth-jbl-951-preto","status":"publish","type":"product","link":"https:\/\/wlivre.com.br\/loja\/produto\/fone-bluetooth-jbl-951-preto\/","title":{"rendered":"FONE BLUETOOTH JBL 951 PRETO"},"content":{"rendered":"","protected":false},"excerpt":{"rendered":"<p>Fone de Ouvido Wireless Bluetooth JBL 951BT<br \/>\nPossui conex\u00e3o bluetooth<br \/>\nCompat\u00edvel com Android e IOS<br \/>\nEntrada para cart\u00e3o de mem\u00f3ria Micro SD e R\u00e1dio FM<br \/>\nDesign Exclusivo e som de qualidade<br \/>\nConchas do fone podem rotacionar, ajustando para seu ouvido e conforto<\/p>\n","protected":false},"featured_media":788,"comment_status":"closed","ping_status":"closed","template":"","meta":[],"product_cat":[45],"product_tag":[],"_links":{"self":[{"href":"https:\/\/wlivre.com.br\/loja\/wp-json\/wp\/v2\/product\/787"}],"collection":[{"href":"https:\/\/wlivre.com.br\/loja\/wp-json\/wp\/v2\/product"}],"about":[{"href":"https:\/\/wlivre.com.br\/loja\/wp-json\/wp\/v2\/types\/product"}],"replies":[{"embeddable":true,"href":"https:\/\/wlivre.com.br\/loja\/wp-json\/wp\/v2\/comments?post=787"}],"wp:featuredmedia":[{"embeddable":true,"href":"https:\/\/wlivre.com.br\/loja\/wp-json\/wp\/v2\/media\/788"}],"wp:attachment":[{"href":"https:\/\/wlivre.com.br\/loja\/wp-json\/wp\/v2\/media?parent=787"}],"wp:term":[{"taxonomy":"product_cat","embeddable":true,"href":"https:\/\/wlivre.com.br\/loja\/wp-json\/wp\/v2\/product_cat?post=787"},{"taxonomy":"product_tag","embeddable":true,"href":"https:\/\/wlivre.com.br\/loja\/wp-json\/wp\/v2\/product_tag?post=787"}],"curies":[{"name":"wp","href":"https:\/\/api.w.org\/{rel}","templated":true}]}}