{"id":798,"date":"2020-10-15T16:26:08","date_gmt":"2020-10-15T19:26:08","guid":{"rendered":"http:\/\/wlivre.com.br\/loja\/?post_type=product&#038;p=798"},"modified":"2023-03-20T15:18:25","modified_gmt":"2023-03-20T18:18:25","slug":"teclado-warrior-zuberi-tc210","status":"publish","type":"product","link":"https:\/\/wlivre.com.br\/loja\/produto\/teclado-warrior-zuberi-tc210\/","title":{"rendered":"TECLADO WARRIOR ZUBERI TC210"},"content":{"rendered":"","protected":false},"excerpt":{"rendered":"<p>Marca: Multilaser<br \/>\n&#8211; Modelo: TC210<br \/>\n&#8211; Linha: Warrior Zuberi Metal<br \/>\n&#8211; Teclas de acesso imediato<br \/>\n&#8211; Conta com 12 fun\u00e7\u00f5es de multim\u00eddia<br \/>\n&#8211; Permite aumentar e diminuir a ilumina\u00e7\u00e3o do teclado<br \/>\n&#8211; Ativa e desativa a tecla Windows<br \/>\n&#8211; Controle para n\u00e3o acessar \u00e1rea de trabalho durante o game<br \/>\n&#8211; Possui apoio ergon\u00f4mico para os bra\u00e7os<br \/>\n&#8211; Sele\u00e7\u00e3o de diferentes cores para as teclas<br \/>\n&#8211; Luzes coloridas<br \/>\n&#8211; Dimens\u00f5es: 3,4 x 23 x 38 cm<br \/>\n&#8211; Peso: 1,645 K<\/p>\n","protected":false},"featured_media":799,"comment_status":"closed","ping_status":"closed","template":"","meta":[],"product_cat":[28],"product_tag":[],"_links":{"self":[{"href":"https:\/\/wlivre.com.br\/loja\/wp-json\/wp\/v2\/product\/798"}],"collection":[{"href":"https:\/\/wlivre.com.br\/loja\/wp-json\/wp\/v2\/product"}],"about":[{"href":"https:\/\/wlivre.com.br\/loja\/wp-json\/wp\/v2\/types\/product"}],"replies":[{"embeddable":true,"href":"https:\/\/wlivre.com.br\/loja\/wp-json\/wp\/v2\/comments?post=798"}],"wp:featuredmedia":[{"embeddable":true,"href":"https:\/\/wlivre.com.br\/loja\/wp-json\/wp\/v2\/media\/799"}],"wp:attachment":[{"href":"https:\/\/wlivre.com.br\/loja\/wp-json\/wp\/v2\/media?parent=798"}],"wp:term":[{"taxonomy":"product_cat","embeddable":true,"href":"https:\/\/wlivre.com.br\/loja\/wp-json\/wp\/v2\/product_cat?post=798"},{"taxonomy":"product_tag","embeddable":true,"href":"https:\/\/wlivre.com.br\/loja\/wp-json\/wp\/v2\/product_tag?post=798"}],"curies":[{"name":"wp","href":"https:\/\/api.w.org\/{rel}","templated":true}]}}