{"id":804,"date":"2020-10-16T12:04:19","date_gmt":"2020-10-16T15:04:19","guid":{"rendered":"http:\/\/wlivre.com.br\/loja\/?post_type=product&#038;p=804"},"modified":"2023-03-20T15:22:55","modified_gmt":"2023-03-20T18:22:55","slug":"mouse-sem-fio-m-w20","status":"publish","type":"product","link":"https:\/\/wlivre.com.br\/loja\/produto\/mouse-sem-fio-m-w20\/","title":{"rendered":"mouse sem fio m-w20"},"content":{"rendered":"","protected":false},"excerpt":{"rendered":"<p>O mouse sem fio M-W20 da C3 Tech conta com a exclusiva tecnologia Free Smart Link que elimina qualquer tipo de interfer\u00eancia na comunica\u00e7\u00e3o com o receptor, proporcionando movimentos mais precisos e sem falhas nos cliques. Possui receptor nano com raio de transmiss\u00e3o de at\u00e9 12 metros e resolu\u00e7\u00e3o de at\u00e9 1000 DPI, ajust\u00e1veis atrav\u00e9s de bot\u00e3o. N\u00e3o necessita de instala\u00e7\u00e3o de drive pois conta com a tecnologia Plug and Play.Especifica\u00e7\u00f5es T\u00e9cnicasMW20 (USB)Cor: PretoCaracter\u00edsticasDesign ergon\u00f4mico.Estrutura resistente.Bot\u00f5es de alta qualidadePrincipais RecursosTecnologia Free Smart Link.Sensor \u00f3pticoModos de DPI Selecion\u00e1veis atrav\u00e9s de bot\u00e3o.Resolu\u00e7\u00f5es: 500\/8000\/1000 DPIRaio de transmiss\u00e3o de at\u00e9 12 metrosAlta economia das pilhas.2 Pilhas AAADesligamento autom\u00e1tico.Modo de Opera\u00e7\u00e3o: 2.4GHz bidirecionalComunica\u00e7\u00e3o BiDirecional.Plug and Play.Receptor Nano.Bot\u00f5es: Direito, Esquerdo, Rolagem e Ajuste de DPI.RF Especifica\u00e7\u00e3o16 canais auto selecion\u00e1veis.Frequ\u00eancia de Transmiss\u00e3o: 2400MHz ~ 2483MHz.Modula\u00e7\u00e3o: GFSKDist\u00e2ncia m\u00e1xima 12mtsRequisito de SistemaMicrocomputador desktop, notebookPorta USB dispon\u00edvelCompat\u00edvel com: Windows XP\/Vista\/7\/8\/10\/MacOS X\/Linux 2.6.xOutrosDescri\u00e7\u00e3o: MOUSE S\/FIO RC\/NANO M-W20BK C3TAltura: 4,00 cmLargura: 6,80 cmComprimento: 10,40 cmPeso: 60,00 g<\/p>\n","protected":false},"featured_media":805,"comment_status":"closed","ping_status":"closed","template":"","meta":[],"product_cat":[29],"product_tag":[],"_links":{"self":[{"href":"https:\/\/wlivre.com.br\/loja\/wp-json\/wp\/v2\/product\/804"}],"collection":[{"href":"https:\/\/wlivre.com.br\/loja\/wp-json\/wp\/v2\/product"}],"about":[{"href":"https:\/\/wlivre.com.br\/loja\/wp-json\/wp\/v2\/types\/product"}],"replies":[{"embeddable":true,"href":"https:\/\/wlivre.com.br\/loja\/wp-json\/wp\/v2\/comments?post=804"}],"wp:featuredmedia":[{"embeddable":true,"href":"https:\/\/wlivre.com.br\/loja\/wp-json\/wp\/v2\/media\/805"}],"wp:attachment":[{"href":"https:\/\/wlivre.com.br\/loja\/wp-json\/wp\/v2\/media?parent=804"}],"wp:term":[{"taxonomy":"product_cat","embeddable":true,"href":"https:\/\/wlivre.com.br\/loja\/wp-json\/wp\/v2\/product_cat?post=804"},{"taxonomy":"product_tag","embeddable":true,"href":"https:\/\/wlivre.com.br\/loja\/wp-json\/wp\/v2\/product_tag?post=804"}],"curies":[{"name":"wp","href":"https:\/\/api.w.org\/{rel}","templated":true}]}}