{"id":813,"date":"2020-10-16T13:11:43","date_gmt":"2020-10-16T16:11:43","guid":{"rendered":"http:\/\/wlivre.com.br\/loja\/?post_type=product&#038;p=813"},"modified":"2023-03-20T15:22:42","modified_gmt":"2023-03-20T18:22:42","slug":"cabo-de-dados-tipo-c-kaidi-kd-tc30","status":"publish","type":"product","link":"https:\/\/wlivre.com.br\/loja\/produto\/cabo-de-dados-tipo-c-kaidi-kd-tc30\/","title":{"rendered":"cabo de dados tipo-c kaidi kd-tc30"},"content":{"rendered":"","protected":false},"excerpt":{"rendered":"<p>Cabo de dados Kaidi KDTC30 com 1 metro de comprimento total.<br \/>\nEste cabo possui um conector USB de alta qualidade refor\u00e7ado para aumentar o seu tempo de uso \u00fatil.<br \/>\nAl\u00e9m disso possui uma capa de silicone o deixando ainda resistente e conta comum belo design diferenciando dos demais cabos simples e de baixa qualidade.<br \/>\nEste cabo \u00e9 estilo flat, podendo ser dobrado em qualquer \u00e2ngulo sem danificar a parte interna, al\u00e9m do que n\u00e3o embola sendo mais f\u00e1cil para manusear, e dif\u00edcil de dar n\u00f3.<\/p>\n","protected":false},"featured_media":814,"comment_status":"closed","ping_status":"closed","template":"","meta":[],"product_cat":[23],"product_tag":[],"_links":{"self":[{"href":"https:\/\/wlivre.com.br\/loja\/wp-json\/wp\/v2\/product\/813"}],"collection":[{"href":"https:\/\/wlivre.com.br\/loja\/wp-json\/wp\/v2\/product"}],"about":[{"href":"https:\/\/wlivre.com.br\/loja\/wp-json\/wp\/v2\/types\/product"}],"replies":[{"embeddable":true,"href":"https:\/\/wlivre.com.br\/loja\/wp-json\/wp\/v2\/comments?post=813"}],"wp:featuredmedia":[{"embeddable":true,"href":"https:\/\/wlivre.com.br\/loja\/wp-json\/wp\/v2\/media\/814"}],"wp:attachment":[{"href":"https:\/\/wlivre.com.br\/loja\/wp-json\/wp\/v2\/media?parent=813"}],"wp:term":[{"taxonomy":"product_cat","embeddable":true,"href":"https:\/\/wlivre.com.br\/loja\/wp-json\/wp\/v2\/product_cat?post=813"},{"taxonomy":"product_tag","embeddable":true,"href":"https:\/\/wlivre.com.br\/loja\/wp-json\/wp\/v2\/product_tag?post=813"}],"curies":[{"name":"wp","href":"https:\/\/api.w.org\/{rel}","templated":true}]}}