{"id":815,"date":"2020-10-16T14:09:24","date_gmt":"2020-10-16T17:09:24","guid":{"rendered":"http:\/\/wlivre.com.br\/loja\/?post_type=product&#038;p=815"},"modified":"2023-03-20T15:22:28","modified_gmt":"2023-03-20T18:22:28","slug":"cabo-de-dados-e-carga-rapida-3-em-1","status":"publish","type":"product","link":"https:\/\/wlivre.com.br\/loja\/produto\/cabo-de-dados-e-carga-rapida-3-em-1\/","title":{"rendered":"Cabo de Dados e Carga R\u00e1pida 3 em 1"},"content":{"rendered":"","protected":false},"excerpt":{"rendered":"<p>Cabo USB para transmiss\u00e3o de dados e carregamento at\u00e9 30% mais r\u00e1pido (se comparado aos cabos convencionais) indicado para celulares que possuem conector Micro USB (V8), iPhone e USB Tipo C das mais diversas marcas. Produto com excelente qualidade de transmiss\u00e3o de dados. Cabo revestido em malha tran\u00e7ada, aumentando a vida \u00fatil do produto e evitando que embarasse com facilidade. Embalagem com bom apelo visual. Caracter\u00edsticas do Produto: Aviso sobre o Produto: Imagem ilustrativa. Tipo: Cabo de Dados. Comprimento: 1,2 metros. Conex\u00e3o: Micro USB (V8), iPhone e USB Tipo C. Sa\u00edda: 4.2A Max (2.1A cada)<\/p>\n","protected":false},"featured_media":817,"comment_status":"closed","ping_status":"closed","template":"","meta":[],"product_cat":[23],"product_tag":[],"_links":{"self":[{"href":"https:\/\/wlivre.com.br\/loja\/wp-json\/wp\/v2\/product\/815"}],"collection":[{"href":"https:\/\/wlivre.com.br\/loja\/wp-json\/wp\/v2\/product"}],"about":[{"href":"https:\/\/wlivre.com.br\/loja\/wp-json\/wp\/v2\/types\/product"}],"replies":[{"embeddable":true,"href":"https:\/\/wlivre.com.br\/loja\/wp-json\/wp\/v2\/comments?post=815"}],"wp:featuredmedia":[{"embeddable":true,"href":"https:\/\/wlivre.com.br\/loja\/wp-json\/wp\/v2\/media\/817"}],"wp:attachment":[{"href":"https:\/\/wlivre.com.br\/loja\/wp-json\/wp\/v2\/media?parent=815"}],"wp:term":[{"taxonomy":"product_cat","embeddable":true,"href":"https:\/\/wlivre.com.br\/loja\/wp-json\/wp\/v2\/product_cat?post=815"},{"taxonomy":"product_tag","embeddable":true,"href":"https:\/\/wlivre.com.br\/loja\/wp-json\/wp\/v2\/product_tag?post=815"}],"curies":[{"name":"wp","href":"https:\/\/api.w.org\/{rel}","templated":true}]}}