{"id":824,"date":"2020-10-16T16:27:27","date_gmt":"2020-10-16T19:27:27","guid":{"rendered":"http:\/\/wlivre.com.br\/loja\/?post_type=product&#038;p=824"},"modified":"2023-03-20T15:22:03","modified_gmt":"2023-03-20T18:22:03","slug":"roteador-wireless-dual-band-gf-1200-wan-gigabit-intelbras","status":"publish","type":"product","link":"https:\/\/wlivre.com.br\/loja\/produto\/roteador-wireless-dual-band-gf-1200-wan-gigabit-intelbras\/","title":{"rendered":"Roteador Wireless Dual Band Gf 1200 Wan Gigabit Intelbras"},"content":{"rendered":"","protected":false},"excerpt":{"rendered":"<p>O GF 1200 \u00e9 exclusivo para provedores que desejam entregar Wi-Fi com mais desempenho aos seus assinantes.<\/p>\n<p>1 porta WAN GIGA e 3 portas LAN FAST<br \/>\nTrafegue velocidades Wi-Fi acima de 100 mega com o Roteador Wireless GF 1200 e tenha velocidade e desempenho ideais para suas atividades.<\/p>\n<p>Reduza suas visitas t\u00e9cnicas<br \/>\nO GF 1200 \u00e9 exclusivo para provedores e possui benef\u00edcios como personaliza\u00e7\u00e3o de configura\u00e7\u00f5es-padr\u00e3o via portal Remotize, reduzindo visitas e custos, economizando tempo e melhorando a qualidade do servi\u00e7o<\/p>\n<p>.Gerencie seus roteadores remotamente<br \/>\nExclusivo para provedores de internet: mantenha seu parque de roteadores atualizado de forma simples e pr\u00e1tica atrav\u00e9s do Portal Remotize.<\/p>\n<p>Tecnologia Wi-Fi 5 (dual band AC 1200) com Beamforming e MU-MIMO<br \/>\nCom a tecnologia Wi-Fi 5, navegue com mais velocidade e menos interfer\u00eancias com at\u00e9 867Mbps em 5GHz e 300Mbps em 2,4GHz, mesmo com mais dispositivos conectados na rede<\/p>\n","protected":false},"featured_media":825,"comment_status":"closed","ping_status":"closed","template":"","meta":[],"product_cat":[31],"product_tag":[],"_links":{"self":[{"href":"https:\/\/wlivre.com.br\/loja\/wp-json\/wp\/v2\/product\/824"}],"collection":[{"href":"https:\/\/wlivre.com.br\/loja\/wp-json\/wp\/v2\/product"}],"about":[{"href":"https:\/\/wlivre.com.br\/loja\/wp-json\/wp\/v2\/types\/product"}],"replies":[{"embeddable":true,"href":"https:\/\/wlivre.com.br\/loja\/wp-json\/wp\/v2\/comments?post=824"}],"wp:featuredmedia":[{"embeddable":true,"href":"https:\/\/wlivre.com.br\/loja\/wp-json\/wp\/v2\/media\/825"}],"wp:attachment":[{"href":"https:\/\/wlivre.com.br\/loja\/wp-json\/wp\/v2\/media?parent=824"}],"wp:term":[{"taxonomy":"product_cat","embeddable":true,"href":"https:\/\/wlivre.com.br\/loja\/wp-json\/wp\/v2\/product_cat?post=824"},{"taxonomy":"product_tag","embeddable":true,"href":"https:\/\/wlivre.com.br\/loja\/wp-json\/wp\/v2\/product_tag?post=824"}],"curies":[{"name":"wp","href":"https:\/\/api.w.org\/{rel}","templated":true}]}}