{"id":834,"date":"2020-10-21T11:03:26","date_gmt":"2020-10-21T14:03:26","guid":{"rendered":"http:\/\/wlivre.com.br\/loja\/?post_type=product&#038;p=834"},"modified":"2021-06-25T15:17:38","modified_gmt":"2021-06-25T18:17:38","slug":"epson-refil-de-tinta-majenta","status":"publish","type":"product","link":"https:\/\/wlivre.com.br\/loja\/produto\/epson-refil-de-tinta-majenta\/","title":{"rendered":"epson refil de tinta (majenta)"},"content":{"rendered":"","protected":false},"excerpt":{"rendered":"<p>Refil de Tinta Epson T-664 T6643 T-6643 Magenta. Pode ser utilizado em L-200, L-210, L-220, L-110, L-355, L-555, L1300, L-455, L-365, L565 L-565. Produto de alt\u00edssima qualidade, com 70 ml de tinta l\u00edquida. Proporciona impress\u00f5es de alt\u00edssima qualidade. Marca: Epson<\/p>\n","protected":false},"featured_media":835,"comment_status":"closed","ping_status":"closed","template":"","meta":[],"product_cat":[44],"product_tag":[],"_links":{"self":[{"href":"https:\/\/wlivre.com.br\/loja\/wp-json\/wp\/v2\/product\/834"}],"collection":[{"href":"https:\/\/wlivre.com.br\/loja\/wp-json\/wp\/v2\/product"}],"about":[{"href":"https:\/\/wlivre.com.br\/loja\/wp-json\/wp\/v2\/types\/product"}],"replies":[{"embeddable":true,"href":"https:\/\/wlivre.com.br\/loja\/wp-json\/wp\/v2\/comments?post=834"}],"wp:featuredmedia":[{"embeddable":true,"href":"https:\/\/wlivre.com.br\/loja\/wp-json\/wp\/v2\/media\/835"}],"wp:attachment":[{"href":"https:\/\/wlivre.com.br\/loja\/wp-json\/wp\/v2\/media?parent=834"}],"wp:term":[{"taxonomy":"product_cat","embeddable":true,"href":"https:\/\/wlivre.com.br\/loja\/wp-json\/wp\/v2\/product_cat?post=834"},{"taxonomy":"product_tag","embeddable":true,"href":"https:\/\/wlivre.com.br\/loja\/wp-json\/wp\/v2\/product_tag?post=834"}],"curies":[{"name":"wp","href":"https:\/\/api.w.org\/{rel}","templated":true}]}}