{"id":839,"date":"2020-10-21T11:13:27","date_gmt":"2020-10-21T14:13:27","guid":{"rendered":"http:\/\/wlivre.com.br\/loja\/?post_type=product&#038;p=839"},"modified":"2021-06-25T15:17:09","modified_gmt":"2021-06-25T18:17:09","slug":"epson-refil-de-tinta-amarela","status":"publish","type":"product","link":"https:\/\/wlivre.com.br\/loja\/produto\/epson-refil-de-tinta-amarela\/","title":{"rendered":"epson refil de tinta (amarela)"},"content":{"rendered":"","protected":false},"excerpt":{"rendered":"<p>intas Epson Originais T544 &#8211; Amarelo<\/p>\n<p>Muito mais qualidade, muito mais durabilidade!<\/p>\n<p>As garrafas de tintas para Ecotank possuem a tecnologia Epson que proporciona alta precis\u00e3o no tamanho da gota, alta resolu\u00e7\u00e3o e defini\u00e7\u00e3o nas impress\u00f5es, voc\u00ea poder\u00e1 imprimir documentos e imagens com \u00f3tima qualidade por um baixo custo por p\u00e1gina. At\u00e9 4.500 p\u00e1ginas de impress\u00f5es brilhantes em relat\u00f3rios, gr\u00e1ficos e fotos.<\/p>\n","protected":false},"featured_media":840,"comment_status":"closed","ping_status":"closed","template":"","meta":[],"product_cat":[44],"product_tag":[],"_links":{"self":[{"href":"https:\/\/wlivre.com.br\/loja\/wp-json\/wp\/v2\/product\/839"}],"collection":[{"href":"https:\/\/wlivre.com.br\/loja\/wp-json\/wp\/v2\/product"}],"about":[{"href":"https:\/\/wlivre.com.br\/loja\/wp-json\/wp\/v2\/types\/product"}],"replies":[{"embeddable":true,"href":"https:\/\/wlivre.com.br\/loja\/wp-json\/wp\/v2\/comments?post=839"}],"wp:featuredmedia":[{"embeddable":true,"href":"https:\/\/wlivre.com.br\/loja\/wp-json\/wp\/v2\/media\/840"}],"wp:attachment":[{"href":"https:\/\/wlivre.com.br\/loja\/wp-json\/wp\/v2\/media?parent=839"}],"wp:term":[{"taxonomy":"product_cat","embeddable":true,"href":"https:\/\/wlivre.com.br\/loja\/wp-json\/wp\/v2\/product_cat?post=839"},{"taxonomy":"product_tag","embeddable":true,"href":"https:\/\/wlivre.com.br\/loja\/wp-json\/wp\/v2\/product_tag?post=839"}],"curies":[{"name":"wp","href":"https:\/\/api.w.org\/{rel}","templated":true}]}}