{"id":841,"date":"2020-10-21T11:17:46","date_gmt":"2020-10-21T13:17:46","guid":{"rendered":"http:\/\/wlivre.com.br\/loja\/?post_type=product&#038;p=841"},"modified":"2021-03-29T08:40:57","modified_gmt":"2021-03-29T11:40:57","slug":"multilaser-refil-de-tinta-magenta","status":"publish","type":"product","link":"https:\/\/wlivre.com.br\/loja\/produto\/multilaser-refil-de-tinta-magenta\/","title":{"rendered":"multilaser refil de tinta (magenta)"},"content":{"rendered":"","protected":false},"excerpt":{"rendered":"<p>Refil De Tinta HP Magenta,para voc\u00ea fazer a recarga do seu cartucho e ter impress\u00f5es de alta resolu\u00e7\u00e3o e defini\u00e7\u00e3o. Produto compat\u00edvel com todas as impressoras HP com tanque de tinta. Cont\u00e9m 100 ml, com rendimento de at\u00e9 6.000 p\u00e1ginas. Tecnologia de impress\u00e3o Jato de tinta.<\/p>\n","protected":false},"featured_media":842,"comment_status":"closed","ping_status":"closed","template":"","meta":[],"product_cat":[44],"product_tag":[],"_links":{"self":[{"href":"https:\/\/wlivre.com.br\/loja\/wp-json\/wp\/v2\/product\/841"}],"collection":[{"href":"https:\/\/wlivre.com.br\/loja\/wp-json\/wp\/v2\/product"}],"about":[{"href":"https:\/\/wlivre.com.br\/loja\/wp-json\/wp\/v2\/types\/product"}],"replies":[{"embeddable":true,"href":"https:\/\/wlivre.com.br\/loja\/wp-json\/wp\/v2\/comments?post=841"}],"wp:featuredmedia":[{"embeddable":true,"href":"https:\/\/wlivre.com.br\/loja\/wp-json\/wp\/v2\/media\/842"}],"wp:attachment":[{"href":"https:\/\/wlivre.com.br\/loja\/wp-json\/wp\/v2\/media?parent=841"}],"wp:term":[{"taxonomy":"product_cat","embeddable":true,"href":"https:\/\/wlivre.com.br\/loja\/wp-json\/wp\/v2\/product_cat?post=841"},{"taxonomy":"product_tag","embeddable":true,"href":"https:\/\/wlivre.com.br\/loja\/wp-json\/wp\/v2\/product_tag?post=841"}],"curies":[{"name":"wp","href":"https:\/\/api.w.org\/{rel}","templated":true}]}}