{"id":867,"date":"2021-01-14T11:46:49","date_gmt":"2021-01-14T14:46:49","guid":{"rendered":"http:\/\/wlivre.com.br\/loja\/?post_type=product&#038;p=867"},"modified":"2023-05-10T15:38:52","modified_gmt":"2023-05-10T18:38:52","slug":"pen-drive-multilaser-16gb-3-0","status":"publish","type":"product","link":"https:\/\/wlivre.com.br\/loja\/produto\/pen-drive-multilaser-16gb-3-0\/","title":{"rendered":"Pen Drive Multilaser 16GB 3.0"},"content":{"rendered":"<p>Pendrive Twist de 16GB da Multilaser, veio para facilita a sua vida. Fa\u00e7a Back Up, transfira dados, compartilhe suas fotos, filmes, m\u00fasicas, dados pessoais, aonde quer que voc\u00ea v\u00e1, de qualquer dispositivo com entrada USB 2.0 e 3.0.<\/p>\n","protected":false},"excerpt":{"rendered":"<p>Pendrive Twist de 16GB da Multilaser, veio para facilita a sua vida. Fa\u00e7a Back Up, transfira dados, compartilhe suas fotos, filmes, m\u00fasicas, dados pessoais, aonde quer que voc\u00ea v\u00e1, de qualquer dispositivo com entrada USB 2.0 e 3.0.<\/p>\n","protected":false},"featured_media":868,"comment_status":"closed","ping_status":"closed","template":"","meta":[],"product_cat":[35],"product_tag":[],"_links":{"self":[{"href":"https:\/\/wlivre.com.br\/loja\/wp-json\/wp\/v2\/product\/867"}],"collection":[{"href":"https:\/\/wlivre.com.br\/loja\/wp-json\/wp\/v2\/product"}],"about":[{"href":"https:\/\/wlivre.com.br\/loja\/wp-json\/wp\/v2\/types\/product"}],"replies":[{"embeddable":true,"href":"https:\/\/wlivre.com.br\/loja\/wp-json\/wp\/v2\/comments?post=867"}],"wp:featuredmedia":[{"embeddable":true,"href":"https:\/\/wlivre.com.br\/loja\/wp-json\/wp\/v2\/media\/868"}],"wp:attachment":[{"href":"https:\/\/wlivre.com.br\/loja\/wp-json\/wp\/v2\/media?parent=867"}],"wp:term":[{"taxonomy":"product_cat","embeddable":true,"href":"https:\/\/wlivre.com.br\/loja\/wp-json\/wp\/v2\/product_cat?post=867"},{"taxonomy":"product_tag","embeddable":true,"href":"https:\/\/wlivre.com.br\/loja\/wp-json\/wp\/v2\/product_tag?post=867"}],"curies":[{"name":"wp","href":"https:\/\/api.w.org\/{rel}","templated":true}]}}