{"id":871,"date":"2021-01-14T12:13:38","date_gmt":"2021-01-14T15:13:38","guid":{"rendered":"http:\/\/wlivre.com.br\/loja\/?post_type=product&#038;p=871"},"modified":"2023-03-16T11:25:20","modified_gmt":"2023-03-16T14:25:20","slug":"fonte-de-alimentacao-pk-550","status":"publish","type":"product","link":"https:\/\/wlivre.com.br\/loja\/produto\/fonte-de-alimentacao-pk-550\/","title":{"rendered":"Fonte de Alimenta\u00e7\u00e3o PK-550"},"content":{"rendered":"<p><strong>Especifica\u00e7\u00f5es<\/strong><br \/>\n\u2013 Padrao: atx v2.31<br \/>\n\u2013 Potencia: 550w<br \/>\n\u2013 Voltagem: 110\/220v (chave seletora manual)<br \/>\n\u2013 Ventila\u00e7\u00e3o: 01 fan de 120mm<br \/>\n\u2013 Dimensoes da fonte (axlxp): 85x150x140mm<br \/>\n\u2013 Comprimento dos cabos 510mm<\/p>\n<p><strong>Conectores<\/strong><br \/>\n\u2013 Sata 02<br \/>\n\u2013 P4 atx 12v 01<br \/>\n\u2013 4 pinos (molex) 02<br \/>\n\u2013 24 pinos (24p) 01<br \/>\n\u2013 6 pinos pci-e 01<\/p>\n<p><strong>Compatibilidade<\/strong><br \/>\n\u2013 Padr\u00e3o: ATX12V v2.31<\/p>\n<p><strong>Conte\u00fado da embalagem<\/strong><br \/>\n\u2013 01 Fonte Pc Wells-K-mex<\/p>\n","protected":false},"excerpt":{"rendered":"<p>Especifica\u00e7\u00f5es \u2013 Padrao: atx v2.31 \u2013 Potencia: 550w \u2013 Voltagem: 110\/220v (chave seletora manual) \u2013 Ventila\u00e7\u00e3o: 01 fan de 120mm \u2013 Dimensoes da fonte (axlxp): 85x150x140mm \u2013 Comprimento dos cabos 510mm Conectores \u2013 Sata 02 \u2013 P4 atx 12v 01 \u2013 4 pinos (molex) 02 \u2013 24 pinos (24p) 01 \u2013 6 pinos pci-e 01 &hellip;<\/p>\n<p class=\"read-more\"> <a class=\" thunk-readmore button \" href=\"https:\/\/wlivre.com.br\/loja\/produto\/fonte-de-alimentacao-pk-550\/\"> <span class=\"screen-reader-text\">Fonte de Alimenta\u00e7\u00e3o PK-550<\/span>Read More<\/a><\/p>\n","protected":false},"featured_media":872,"comment_status":"closed","ping_status":"closed","template":"","meta":[],"product_cat":[47],"product_tag":[],"_links":{"self":[{"href":"https:\/\/wlivre.com.br\/loja\/wp-json\/wp\/v2\/product\/871"}],"collection":[{"href":"https:\/\/wlivre.com.br\/loja\/wp-json\/wp\/v2\/product"}],"about":[{"href":"https:\/\/wlivre.com.br\/loja\/wp-json\/wp\/v2\/types\/product"}],"replies":[{"embeddable":true,"href":"https:\/\/wlivre.com.br\/loja\/wp-json\/wp\/v2\/comments?post=871"}],"wp:featuredmedia":[{"embeddable":true,"href":"https:\/\/wlivre.com.br\/loja\/wp-json\/wp\/v2\/media\/872"}],"wp:attachment":[{"href":"https:\/\/wlivre.com.br\/loja\/wp-json\/wp\/v2\/media?parent=871"}],"wp:term":[{"taxonomy":"product_cat","embeddable":true,"href":"https:\/\/wlivre.com.br\/loja\/wp-json\/wp\/v2\/product_cat?post=871"},{"taxonomy":"product_tag","embeddable":true,"href":"https:\/\/wlivre.com.br\/loja\/wp-json\/wp\/v2\/product_tag?post=871"}],"curies":[{"name":"wp","href":"https:\/\/api.w.org\/{rel}","templated":true}]}}