{"id":876,"date":"2021-02-22T08:57:24","date_gmt":"2021-02-22T11:57:24","guid":{"rendered":"http:\/\/wlivre.com.br\/loja\/?post_type=product&#038;p=876"},"modified":"2023-03-16T11:25:02","modified_gmt":"2023-03-16T14:25:02","slug":"headset-gamer-ph146","status":"publish","type":"product","link":"https:\/\/wlivre.com.br\/loja\/produto\/headset-gamer-ph146\/","title":{"rendered":"HEADSET GAMER PH146"},"content":{"rendered":"","protected":false},"excerpt":{"rendered":"<p>Fone Multilaser Gamer &#8211; Modelo PH146 &#8211; P2 &#8211; Headser Gamer<\/p>\n<p>Com conex\u00e3o P2, conecte ao aparelho desejado e j\u00e1 comece utilizar.<\/p>\n<p>Concha com forro extra macio, proporcionando maior conforto e melhor ac\u00fastica.<br \/>\nHaste Ajust\u00e1vel: Ajuste de tamanho da haste e tamb\u00e9m sua posi\u00e7\u00e3o com o microfone flex\u00edvel.<br \/>\nVem com microfone embutido. E retr\u00e1til.<br \/>\nN\u00e3o \u00e9 sem fio. N\u00e3o \u00e9 Bluetooth.<\/p>\n","protected":false},"featured_media":878,"comment_status":"closed","ping_status":"closed","template":"","meta":[],"product_cat":[30,32],"product_tag":[],"_links":{"self":[{"href":"https:\/\/wlivre.com.br\/loja\/wp-json\/wp\/v2\/product\/876"}],"collection":[{"href":"https:\/\/wlivre.com.br\/loja\/wp-json\/wp\/v2\/product"}],"about":[{"href":"https:\/\/wlivre.com.br\/loja\/wp-json\/wp\/v2\/types\/product"}],"replies":[{"embeddable":true,"href":"https:\/\/wlivre.com.br\/loja\/wp-json\/wp\/v2\/comments?post=876"}],"wp:featuredmedia":[{"embeddable":true,"href":"https:\/\/wlivre.com.br\/loja\/wp-json\/wp\/v2\/media\/878"}],"wp:attachment":[{"href":"https:\/\/wlivre.com.br\/loja\/wp-json\/wp\/v2\/media?parent=876"}],"wp:term":[{"taxonomy":"product_cat","embeddable":true,"href":"https:\/\/wlivre.com.br\/loja\/wp-json\/wp\/v2\/product_cat?post=876"},{"taxonomy":"product_tag","embeddable":true,"href":"https:\/\/wlivre.com.br\/loja\/wp-json\/wp\/v2\/product_tag?post=876"}],"curies":[{"name":"wp","href":"https:\/\/api.w.org\/{rel}","templated":true}]}}