{"id":879,"date":"2021-02-22T09:02:54","date_gmt":"2021-02-22T12:02:54","guid":{"rendered":"http:\/\/wlivre.com.br\/loja\/?post_type=product&#038;p=879"},"modified":"2023-03-16T11:24:19","modified_gmt":"2023-03-16T14:24:19","slug":"headset-gamer-ph219","status":"publish","type":"product","link":"https:\/\/wlivre.com.br\/loja\/produto\/headset-gamer-ph219\/","title":{"rendered":"HEADSET GAMER PH219"},"content":{"rendered":"","protected":false},"excerpt":{"rendered":"<p>O Headset Gamer da Multilaser foi desenvolvido para oferecer design, recursos t\u00e1ticos, acabamento e um equil\u00edbrio excelente entre ergonomia e qualidade sonora. COMUNICA\u00c7\u00c3O Microfone retr\u00e1til e controle de \u00e1udio embutido ao cabo para melhor comunica\u00e7\u00e3o. HEADBAND Acabamento interno almofadado para maior conforto do usu\u00e1rio ao longo do jogo. HASTE AJUST\u00c1VEL Permite o ajuste da altura do Headset de acordo com a prefer\u00eancia do jogador. LUZ DE LED Luz de Led vermelho decorativas, utilize o ligado ou desligado. DRIVER DE 40 MM Oferecendo uma realidade sonora ainda maior para o seu jogo. HEADSET RETR\u00c1TIL Permite ser ajustado em um \u00e2ngulo de 90\u00b0. GAMER CONTROL Controle as fun\u00e7\u00f5es do Headset atrav\u00e9s do controle embutido no cabo de nylon.<\/p>\n","protected":false},"featured_media":880,"comment_status":"closed","ping_status":"closed","template":"","meta":[],"product_cat":[30,32],"product_tag":[],"_links":{"self":[{"href":"https:\/\/wlivre.com.br\/loja\/wp-json\/wp\/v2\/product\/879"}],"collection":[{"href":"https:\/\/wlivre.com.br\/loja\/wp-json\/wp\/v2\/product"}],"about":[{"href":"https:\/\/wlivre.com.br\/loja\/wp-json\/wp\/v2\/types\/product"}],"replies":[{"embeddable":true,"href":"https:\/\/wlivre.com.br\/loja\/wp-json\/wp\/v2\/comments?post=879"}],"wp:featuredmedia":[{"embeddable":true,"href":"https:\/\/wlivre.com.br\/loja\/wp-json\/wp\/v2\/media\/880"}],"wp:attachment":[{"href":"https:\/\/wlivre.com.br\/loja\/wp-json\/wp\/v2\/media?parent=879"}],"wp:term":[{"taxonomy":"product_cat","embeddable":true,"href":"https:\/\/wlivre.com.br\/loja\/wp-json\/wp\/v2\/product_cat?post=879"},{"taxonomy":"product_tag","embeddable":true,"href":"https:\/\/wlivre.com.br\/loja\/wp-json\/wp\/v2\/product_tag?post=879"}],"curies":[{"name":"wp","href":"https:\/\/api.w.org\/{rel}","templated":true}]}}