{"id":881,"date":"2021-02-22T09:13:49","date_gmt":"2021-02-22T12:13:49","guid":{"rendered":"http:\/\/wlivre.com.br\/loja\/?post_type=product&#038;p=881"},"modified":"2023-03-16T11:24:05","modified_gmt":"2023-03-16T14:24:05","slug":"headset-gamer-x-soldado-gh-x30","status":"publish","type":"product","link":"https:\/\/wlivre.com.br\/loja\/produto\/headset-gamer-x-soldado-gh-x30\/","title":{"rendered":"HEADSET GAMER X SOLDADO GH-X30"},"content":{"rendered":"","protected":false},"excerpt":{"rendered":"<p>Fone Gamer X-Soldado.<\/p>\n<p>Foi desenvolvido para proporcionar experi\u00eancias incr\u00edveis durante os jogos, \u00e9 ideal para jogos on-line.<br \/>\nO design moderno acabamento estofado e haste flex\u00edvel, o que permite um encaixe confort\u00e1vel.<br \/>\nDiversas Cores Ilumina\u00e7\u00e3o.<br \/>\nControle de Volume.<br \/>\nCabo Refor\u00e7ado em Cobre Confeccionado.<br \/>\nEspuma Deluxe para Melhor Isolamento Ac\u00fastico.<br \/>\nMicrofone Acoplado.<\/p>\n","protected":false},"featured_media":882,"comment_status":"closed","ping_status":"closed","template":"","meta":[],"product_cat":[30,32],"product_tag":[],"_links":{"self":[{"href":"https:\/\/wlivre.com.br\/loja\/wp-json\/wp\/v2\/product\/881"}],"collection":[{"href":"https:\/\/wlivre.com.br\/loja\/wp-json\/wp\/v2\/product"}],"about":[{"href":"https:\/\/wlivre.com.br\/loja\/wp-json\/wp\/v2\/types\/product"}],"replies":[{"embeddable":true,"href":"https:\/\/wlivre.com.br\/loja\/wp-json\/wp\/v2\/comments?post=881"}],"wp:featuredmedia":[{"embeddable":true,"href":"https:\/\/wlivre.com.br\/loja\/wp-json\/wp\/v2\/media\/882"}],"wp:attachment":[{"href":"https:\/\/wlivre.com.br\/loja\/wp-json\/wp\/v2\/media?parent=881"}],"wp:term":[{"taxonomy":"product_cat","embeddable":true,"href":"https:\/\/wlivre.com.br\/loja\/wp-json\/wp\/v2\/product_cat?post=881"},{"taxonomy":"product_tag","embeddable":true,"href":"https:\/\/wlivre.com.br\/loja\/wp-json\/wp\/v2\/product_tag?post=881"}],"curies":[{"name":"wp","href":"https:\/\/api.w.org\/{rel}","templated":true}]}}