{"id":911,"date":"2021-11-08T15:16:44","date_gmt":"2021-11-08T18:16:44","guid":{"rendered":"http:\/\/wlivre.com.br\/loja\/?post_type=product&#038;p=911"},"modified":"2023-03-16T11:21:47","modified_gmt":"2023-03-16T14:21:47","slug":"headphone-moove-cinza-preto-dazz","status":"publish","type":"product","link":"https:\/\/wlivre.com.br\/loja\/produto\/headphone-moove-cinza-preto-dazz\/","title":{"rendered":"Headphone Moove Cinza\/preto Dazz"},"content":{"rendered":"","protected":false},"excerpt":{"rendered":"<p>O Headphone Moove da Dazz Sound, busca fugir do padr\u00e3o sem vida, proporcionando a escolha de 4 cores incr\u00edveis, conforto e qualidade n\u00edtidas para que sua experi\u00eancia de uso seja prazerosa e divertida.<br \/>\nEspecifica\u00e7\u00f5es t\u00e9cnicas:<\/p>\n<p>&#8211; Cor: Cinza\/Preto<br \/>\n&#8211; Imped\u00e2ncia: 32 OHMs<br \/>\n&#8211; Resposta de Frequ\u00eancia: 20-20 KHz<br \/>\n&#8211; Compatibilidade: Dispositivos P2 3.5 mm<br \/>\n&#8211; Sensibilidade: 108dB \u00b1 3dB<br \/>\n&#8211; Comprimento do Cabo: 1,2 m<br \/>\n&#8211; Conector: P2 3.5 mm<br \/>\n&#8211; Material: Termopl\u00e1sticos, metais, tecidos e circuito eletr\u00f4nico<br \/>\nDimens\u00f5es:<br \/>\n&#8211; Largura do Produto: 14,8 cm<br \/>\n&#8211; Altura do produto: 17,8 cm<br \/>\n&#8211; Profundidade do Produto: 7,2 cm<br \/>\n&#8211; Peso do produto: 0,140 kg<br \/>\n&#8211; Largura da embalagem: 16,2 cm<br \/>\n&#8211; Altura da embalagem: 19,2 cm<br \/>\n&#8211; Profundidade da embalagem: 7,6 cm<br \/>\n&#8211; Peso com embalagem: 0,220 kg<br \/>\nConte\u00fado da Embalagem:<br \/>\n&#8211; 1 Headphone Moove Cinza\/Preto<\/p>\n","protected":false},"featured_media":912,"comment_status":"closed","ping_status":"closed","template":"","meta":[],"product_cat":[32],"product_tag":[],"_links":{"self":[{"href":"https:\/\/wlivre.com.br\/loja\/wp-json\/wp\/v2\/product\/911"}],"collection":[{"href":"https:\/\/wlivre.com.br\/loja\/wp-json\/wp\/v2\/product"}],"about":[{"href":"https:\/\/wlivre.com.br\/loja\/wp-json\/wp\/v2\/types\/product"}],"replies":[{"embeddable":true,"href":"https:\/\/wlivre.com.br\/loja\/wp-json\/wp\/v2\/comments?post=911"}],"wp:featuredmedia":[{"embeddable":true,"href":"https:\/\/wlivre.com.br\/loja\/wp-json\/wp\/v2\/media\/912"}],"wp:attachment":[{"href":"https:\/\/wlivre.com.br\/loja\/wp-json\/wp\/v2\/media?parent=911"}],"wp:term":[{"taxonomy":"product_cat","embeddable":true,"href":"https:\/\/wlivre.com.br\/loja\/wp-json\/wp\/v2\/product_cat?post=911"},{"taxonomy":"product_tag","embeddable":true,"href":"https:\/\/wlivre.com.br\/loja\/wp-json\/wp\/v2\/product_tag?post=911"}],"curies":[{"name":"wp","href":"https:\/\/api.w.org\/{rel}","templated":true}]}}